{"id":1369,"date":"2020-04-13T18:45:46","date_gmt":"2020-04-13T18:45:46","guid":{"rendered":"http:\/\/ongroup.net\/?page_id=1369"},"modified":"2020-04-13T18:45:46","modified_gmt":"2020-04-13T18:45:46","slug":"traditional-injection-mould","status":"publish","type":"page","link":"https:\/\/ongroup.net\/fr\/traditional-injection-mould\/","title":{"rendered":"Traditional injection Mould"},"content":{"rendered":"<\/div><\/div><\/div><!-- close content main div --><\/div><\/div><div id='full_slider_1' class='avia-fullwidth-slider main_color avia-shadow   container_wrap fullsize'   ><div  data-size='no scaling'  data-lightbox_size='large'  data-animation='slide'  data-conditional_play=''  data-ids='1293'  data-video_counter='0'  data-autoplay='false'  data-bg_slider='false'  data-slide_height=''  data-handle='av_slideshow_full'  data-interval='5'  data-class=' '  data-css_id=''  data-scroll_down=''  data-control_layout='av-control-default'  data-custom_markup=''  data-perma_caption=''  data-autoplay_stopper=''  data-image_attachment=''  data-min_height='0px'  data-src=''  data-position='top left'  data-repeat='no-repeat'  data-attach='scroll'  data-stretch=''  class='avia-slideshow avia-slideshow-1  av-control-default av-default-height-applied avia-slideshow-no scaling av_slideshow_full   avia-slide-slider'  itemprop=\"ImageObject\" itemscope=\"itemscope\" itemtype=\"https:\/\/schema.org\/ImageObject\" ><ul class='avia-slideshow-inner' style='padding-bottom: 31.529164477141%;' ><li  class='av-single-slide slide-1' ><div data-rel='slideshow-1' class='avia-slide-wrap'   ><div class = \"caption_fullwidth av-slideshow-caption caption_left\"><div class = \"container caption_container\"><div class = \"slideshow_caption\"><div class = \"slideshow_inner_caption\"><div class = \"slideshow_align_caption\"><h2  style='font-size:54px; color:#ffffff; ' class='avia-caption-title'  itemprop=\"name\" >Traditional injection Mould<\/h2><\/div><\/div><\/div><\/div><\/div><img src='https:\/\/ongroup.net\/wp-content\/uploads\/2020\/04\/product-1.jpg' width='1903' height='600' title='product' alt=''  itemprop=\"thumbnailUrl\"   \/><\/div><\/li><\/ul><\/div><\/div>\n<\/div><\/div><\/div><!-- close content main div --><\/div><\/div><div id='av-layout-grid-1' class='av-layout-grid-container entry-content-wrapper main_color av-flex-cells    container_wrap fullsize'   >\n<div class=\"flex_cell no_margin av_one_full\" style='vertical-align:top; padding:2% 5% 0% 5% ; '><div class='flex_cell_inner' ><p><div class=\"flex_column av_one_fifth  no_margin flex_column_div av-zero-column-padding first\" style='border-radius:0px; '><\/div><div class=\"flex_column av_three_fifth  no_margin flex_column_div av-zero-column-padding\" style='border-radius:0px; '><p><div style='padding-bottom:10px; margin:0px 0px 0px 0px; font-size:40px;' class='av-special-heading av-special-heading-h2 custom-color-heading blockquote modern-quote modern-centered   av-inherit-size'><h2 class='av-special-heading-tag'  itemprop=\"headline\"  >1 : Moule \u00e0 injection traditionnel<\/h2><div class='special-heading-border'><div class='special-heading-inner-border' ><\/div><\/div><\/div><br \/>\n<section class=\"av_textblock_section\"  itemscope=\"itemscope\" itemtype=\"https:\/\/schema.org\/CreativeWork\" ><div class='avia_textblock'  style='font-size:20px; '  itemprop=\"text\" ><p style=\"text-align: center;\">Nous fabriquons des outils qui r\u00e9pondent aux exigences de nos clients en termes de qualit\u00e9 des pi\u00e8ces mais aussi de processus d'injection (\u00e9jection, temps de cycle, machine...). Une m\u00eame pi\u00e8ce peut \u00eatre produite par de nombreux moules diff\u00e9rents, avec des variations de dur\u00e9e de vie, de manipulation, de temps de cycle, automatique\/manuel, etc...).<\/p>\n<p style=\"text-align: center;\">We manufacture small, medium\u00a0and\u00a0large tools (20 tones or more).<\/p>\n<\/div><\/section><\/p><\/div><div class=\"flex_column av_one_fifth  no_margin flex_column_div av-zero-column-padding\" style='border-radius:0px; '><\/div><\/p>\n<\/div><\/div>\n<\/div>\n<\/div><\/div><\/div><!-- close content main div --><\/div><\/div><div id='av-layout-grid-2' class='av-layout-grid-container entry-content-wrapper main_color av-flex-cells    container_wrap fullsize'   >\n<div class=\"flex_cell no_margin av_one_full   av-zero-padding\" style='background: #ffffff; vertical-align:top; padding:0px; background-color:#ffffff; '><div class='flex_cell_inner' ><div class='avia-image-container  av-styling-    avia-align-center'  itemprop=\"ImageObject\" itemscope=\"itemscope\" itemtype=\"https:\/\/schema.org\/ImageObject\"  ><div class='avia-image-container-inner'><div class='avia-image-overlay-wrap'><img class='avia_image' src='https:\/\/ongroup.net\/wp-content\/uploads\/2020\/04\/molding1.jpg' alt='' title='molding1' height=\"708\"width=\"1000\"  itemprop=\"thumbnailUrl\"  \/><\/div><\/div><\/div>\n<\/div><\/div>\n<\/div>\n<\/div><\/div><\/div><!-- close content main div --><\/div><\/div><div id='av_section_1' class='avia-section main_color avia-section-default avia-no-border-styling av-section-color-overlay-active avia-bg-style-fixed   av-minimum-height av-minimum-height-custom container_wrap fullsize' style = 'background-repeat: no-repeat; background-image: url(https:\/\/ongroup.net\/wp-content\/uploads\/2020\/04\/where-we-are-1.jpg);background-attachment: fixed; background-position: top left; ' data-section-bg-repeat='no-repeat' ><div class='av-section-color-overlay-wrap'><div class='av-section-color-overlay' style='opacity: 0.5; background-color: #0a0a0a; '><\/div><div class='container' style='height:500px'><div class='template-page content  av-content-full alpha units'><div class='post-entry post-entry-type-page post-entry-1369'><div class='entry-content-wrapper clearfix'>\n<div class=\"flex_column av_one_full  flex_column_div av-zero-column-padding first\" style='border-radius:0px; '><div style='padding-bottom:10px; color:#ffffff;font-size:60px;' class='av-special-heading av-special-heading-h2 custom-color-heading blockquote modern-quote modern-centered   av-inherit-size'><h2 class='av-special-heading-tag'  itemprop=\"headline\"  >Nous offrons un service complet de fabrication.<\/h2><div class='special-heading-border'><div class='special-heading-inner-border' style='border-color:#ffffff'><\/div><\/div><\/div><\/div>\n\n<\/div><\/div><\/div><!-- close content main div --><\/div><\/div><\/div><div id='av_section_2' class='avia-section main_color avia-section-default avia-no-border-styling avia-full-stretch av-parallax-section avia-bg-style-parallax   container_wrap fullsize'  data-section-bg-repeat='stretch' ><div class='av-parallax' data-avia-parallax-ratio='0.3' ><div class='av-parallax-inner main_color  avia-full-stretch' style = 'background-repeat: no-repeat; background-image: url(https:\/\/ongroup.net\/wp-content\/uploads\/2020\/01\/Parallax3.jpg);background-attachment: scroll; background-position: top center; ' ><\/div><\/div><div class='container' ><div class='template-page content  av-content-full alpha units'><div class='post-entry post-entry-type-page post-entry-1369'><div class='entry-content-wrapper clearfix'>\n<div class=\"flex_column av_three_fourth  flex_column_div av-zero-column-padding first\" style='border-radius:0px; '><div style='padding-bottom:10px; margin:0px 0px 0px 0px; color:#ffffff;font-size:42px;' class='av-special-heading av-special-heading-h2 custom-color-heading blockquote modern-quote   av-thin-font av-inherit-size'><h2 class='av-special-heading-tag'  itemprop=\"headline\"  ><strong>Laissez-nous vous fournir un devis pour votre prochain projet.<\/strong><\/h2><div class='special-heading-border'><div class='special-heading-inner-border' style='border-color:#ffffff'><\/div><\/div><\/div><\/div><div class=\"flex_column av_one_fourth  flex_column_div\" style='padding:2% 0px 0px 0px ; border-radius:0px; '><div class='avia-button-wrap avia-button-center'><a href=''  class='avia-button av-icon-on-hover  avia-icon_select-yes-left-icon avia-color-light avia-size-large avia-position-center'   ><span class='avia_button_icon avia_button_icon_left' aria-hidden='true' data-av_icon='\ue80a' data-av_iconfont='entypo-fontello'><\/span><span class='avia_iconbox_title' >Obtenez un devis maintenant<\/span><\/a><\/div><\/div>","protected":false},"excerpt":{"rendered":"","protected":false},"author":1,"featured_media":0,"parent":0,"menu_order":0,"comment_status":"closed","ping_status":"closed","template":"","meta":{"footnotes":""},"class_list":["post-1369","page","type-page","status-publish","hentry"],"yoast_head":"<!-- This site is optimized with the Yoast SEO plugin v27.4 - https:\/\/yoast.com\/product\/yoast-seo-wordpress\/ -->\n<title>Traditional injection Mould - ONGROUP<\/title>\n<meta name=\"robots\" content=\"index, follow, max-snippet:-1, max-image-preview:large, max-video-preview:-1\" \/>\n<link rel=\"canonical\" href=\"https:\/\/ongroup.net\/fr\/traditional-injection-mould\/\" \/>\n<meta property=\"og:locale\" content=\"fr_FR\" \/>\n<meta property=\"og:type\" content=\"article\" \/>\n<meta property=\"og:title\" content=\"Traditional injection Mould - ONGROUP\" \/>\n<meta property=\"og:url\" content=\"https:\/\/ongroup.net\/fr\/traditional-injection-mould\/\" \/>\n<meta property=\"og:site_name\" content=\"ONGROUP\" \/>\n<meta name=\"twitter:card\" content=\"summary_large_image\" \/>\n<meta name=\"twitter:label1\" content=\"Dur\u00e9e de lecture estim\u00e9e\" \/>\n\t<meta name=\"twitter:data1\" content=\"8 minutes\" \/>\n<script type=\"application\/ld+json\" class=\"yoast-schema-graph\">{\"@context\":\"https:\\\/\\\/schema.org\",\"@graph\":[{\"@type\":\"WebPage\",\"@id\":\"https:\\\/\\\/ongroup.net\\\/traditional-injection-mould\\\/\",\"url\":\"https:\\\/\\\/ongroup.net\\\/traditional-injection-mould\\\/\",\"name\":\"Traditional injection Mould - ONGROUP\",\"isPartOf\":{\"@id\":\"https:\\\/\\\/ongroup.net\\\/#website\"},\"datePublished\":\"2020-04-13T18:45:46+00:00\",\"breadcrumb\":{\"@id\":\"https:\\\/\\\/ongroup.net\\\/traditional-injection-mould\\\/#breadcrumb\"},\"inLanguage\":\"fr-FR\",\"potentialAction\":[{\"@type\":\"ReadAction\",\"target\":[\"https:\\\/\\\/ongroup.net\\\/traditional-injection-mould\\\/\"]}]},{\"@type\":\"BreadcrumbList\",\"@id\":\"https:\\\/\\\/ongroup.net\\\/traditional-injection-mould\\\/#breadcrumb\",\"itemListElement\":[{\"@type\":\"ListItem\",\"position\":1,\"name\":\"Home\",\"item\":\"https:\\\/\\\/ongroup.net\\\/home\\\/\"},{\"@type\":\"ListItem\",\"position\":2,\"name\":\"Traditional injection Mould\"}]},{\"@type\":\"WebSite\",\"@id\":\"https:\\\/\\\/ongroup.net\\\/#website\",\"url\":\"https:\\\/\\\/ongroup.net\\\/\",\"name\":\"ONGROUP\",\"description\":\"Molds, industrialization and production\",\"potentialAction\":[{\"@type\":\"SearchAction\",\"target\":{\"@type\":\"EntryPoint\",\"urlTemplate\":\"https:\\\/\\\/ongroup.net\\\/?s={search_term_string}\"},\"query-input\":{\"@type\":\"PropertyValueSpecification\",\"valueRequired\":true,\"valueName\":\"search_term_string\"}}],\"inLanguage\":\"fr-FR\"}]}<\/script>\n<!-- \/ Yoast SEO plugin. -->","yoast_head_json":{"title":"Traditional injection Mould - ONGROUP","robots":{"index":"index","follow":"follow","max-snippet":"max-snippet:-1","max-image-preview":"max-image-preview:large","max-video-preview":"max-video-preview:-1"},"canonical":"https:\/\/ongroup.net\/fr\/traditional-injection-mould\/","og_locale":"fr_FR","og_type":"article","og_title":"Traditional injection Mould - ONGROUP","og_url":"https:\/\/ongroup.net\/fr\/traditional-injection-mould\/","og_site_name":"ONGROUP","twitter_card":"summary_large_image","twitter_misc":{"Dur\u00e9e de lecture estim\u00e9e":"8 minutes"},"schema":{"@context":"https:\/\/schema.org","@graph":[{"@type":"WebPage","@id":"https:\/\/ongroup.net\/traditional-injection-mould\/","url":"https:\/\/ongroup.net\/traditional-injection-mould\/","name":"Traditional injection Mould - ONGROUP","isPartOf":{"@id":"https:\/\/ongroup.net\/#website"},"datePublished":"2020-04-13T18:45:46+00:00","breadcrumb":{"@id":"https:\/\/ongroup.net\/traditional-injection-mould\/#breadcrumb"},"inLanguage":"fr-FR","potentialAction":[{"@type":"ReadAction","target":["https:\/\/ongroup.net\/traditional-injection-mould\/"]}]},{"@type":"BreadcrumbList","@id":"https:\/\/ongroup.net\/traditional-injection-mould\/#breadcrumb","itemListElement":[{"@type":"ListItem","position":1,"name":"Home","item":"https:\/\/ongroup.net\/home\/"},{"@type":"ListItem","position":2,"name":"Traditional injection Mould"}]},{"@type":"WebSite","@id":"https:\/\/ongroup.net\/#website","url":"https:\/\/ongroup.net\/","name":"ONGROUP","description":"Molds, industrialization and production","potentialAction":[{"@type":"SearchAction","target":{"@type":"EntryPoint","urlTemplate":"https:\/\/ongroup.net\/?s={search_term_string}"},"query-input":{"@type":"PropertyValueSpecification","valueRequired":true,"valueName":"search_term_string"}}],"inLanguage":"fr-FR"}]}},"_links":{"self":[{"href":"https:\/\/ongroup.net\/fr\/wp-json\/wp\/v2\/pages\/1369","targetHints":{"allow":["GET"]}}],"collection":[{"href":"https:\/\/ongroup.net\/fr\/wp-json\/wp\/v2\/pages"}],"about":[{"href":"https:\/\/ongroup.net\/fr\/wp-json\/wp\/v2\/types\/page"}],"author":[{"embeddable":true,"href":"https:\/\/ongroup.net\/fr\/wp-json\/wp\/v2\/users\/1"}],"replies":[{"embeddable":true,"href":"https:\/\/ongroup.net\/fr\/wp-json\/wp\/v2\/comments?post=1369"}],"version-history":[{"count":2,"href":"https:\/\/ongroup.net\/fr\/wp-json\/wp\/v2\/pages\/1369\/revisions"}],"predecessor-version":[{"id":1458,"href":"https:\/\/ongroup.net\/fr\/wp-json\/wp\/v2\/pages\/1369\/revisions\/1458"}],"wp:attachment":[{"href":"https:\/\/ongroup.net\/fr\/wp-json\/wp\/v2\/media?parent=1369"}],"curies":[{"name":"wp","href":"https:\/\/api.w.org\/{rel}","templated":true}]}}