{"id":1402,"date":"2020-05-03T10:36:25","date_gmt":"2020-05-03T10:36:25","guid":{"rendered":"http:\/\/ongroup.net\/?page_id=1402"},"modified":"2023-10-19T13:09:25","modified_gmt":"2023-10-19T13:09:25","slug":"consulting","status":"publish","type":"page","link":"https:\/\/ongroup.net\/fr\/consulting\/","title":{"rendered":"Conseil"},"content":{"rendered":"<\/div><\/div><\/div><!-- close content main div --><\/div><\/div><div id='full_slider_1' class='avia-fullwidth-slider main_color avia-shadow   container_wrap fullsize'   ><div  data-size='no scaling'  data-lightbox_size='large'  data-animation='slide'  data-conditional_play=''  data-ids='1420'  data-video_counter='0'  data-autoplay='false'  data-bg_slider='false'  data-slide_height=''  data-handle='av_slideshow_full'  data-interval='5'  data-class=' '  data-css_id=''  data-scroll_down=''  data-control_layout='av-control-default'  data-custom_markup=''  data-perma_caption=''  data-autoplay_stopper=''  data-image_attachment=''  data-min_height=''  data-src=''  data-position='top left'  data-repeat='no-repeat'  data-attach='scroll'  data-stretch=''  class='avia-slideshow avia-slideshow-1  av-control-default av-default-height-applied avia-slideshow-no scaling av_slideshow_full   avia-slide-slider'  itemprop=\"ImageObject\" itemscope=\"itemscope\" itemtype=\"https:\/\/schema.org\/ImageObject\" ><ul class='avia-slideshow-inner' style='padding-bottom: 31.529164477141%;' ><li  class='av-single-slide slide-1' ><div data-rel='slideshow-1' class='avia-slide-wrap'   ><div class = \"caption_fullwidth av-slideshow-caption caption_left\"><div class = \"container caption_container\"><div class = \"slideshow_caption\"><div class = \"slideshow_inner_caption\"><div class = \"slideshow_align_caption\"><h2  style='font-size:54px; color:#ffffff; ' class='avia-caption-title'  itemprop=\"name\" >Conseil<\/h2><\/div><\/div><\/div><\/div><\/div><img src='https:\/\/ongroup.net\/wp-content\/uploads\/2020\/05\/consulting.jpg' width='1903' height='600' title='consulting' alt=''  itemprop=\"thumbnailUrl\"   \/><div class='av-section-color-overlay' style='opacity: 0.5; background-color: #0a0a0a; '><\/div><\/div><\/li><\/ul><\/div><\/div>\n<\/div><\/div><\/div><!-- close content main div --><\/div><\/div><div id='av-layout-grid-1' class='av-layout-grid-container entry-content-wrapper main_color av-flex-cells    container_wrap fullsize'   >\n<div class=\"flex_cell no_margin av_one_full\" style='background: #ffffff; vertical-align:top; padding:2% 5% 0% 5% ; background-color:#ffffff; '><div class='flex_cell_inner' ><p><div class=\"flex_column av_one_fifth  no_margin flex_column_div av-zero-column-padding first\" style='border-radius:0px; '><\/div><div class=\"flex_column av_three_fifth  no_margin flex_column_div av-zero-column-padding\" style='border-radius:0px; '><p><div style='padding-bottom:10px; margin:0px 0px 0px 0px; font-size:40px;' class='av-special-heading av-special-heading-h2 custom-color-heading blockquote modern-quote modern-centered  av-inherit-size'><h2 class='av-special-heading-tag'  itemprop=\"headline\"  >Conseil<\/h2><div class='special-heading-border'><div class='special-heading-inner-border' ><\/div><\/div><\/div><br \/>\n<section class=\"av_textblock_section\"  itemscope=\"itemscope\" itemtype=\"https:\/\/schema.org\/CreativeWork\" ><div class='avia_textblock'  style='font-size:20px; '  itemprop=\"text\" ><p style=\"text-align: center;\" class=\"translation-block\">ON Group offers a complete consulting service to help you during your manufacturing project. Nos ing\u00e9nieurs qualifi\u00e9s et notre \u00e9quipe de support exp\u00e9riment\u00e9e sont pr\u00eats \u00e0 vous assister sur place en Europe ou en Asie.<br>\nWhile our service covers all aspects of your relationship with ON Group, we reserve special focus for these important aspects of the manufacturing process:<\/p>\n<\/div><\/section><\/p><\/div><div class=\"flex_column av_one_fifth  no_margin flex_column_div av-zero-column-padding\" style='border-radius:0px; '><\/div><\/p>\n<\/div><\/div>\n<\/div>\n<\/div><\/div><\/div><!-- close content main div --><\/div><\/div><div id='av-layout-grid-2' class='av-layout-grid-container entry-content-wrapper main_color av-flex-cells    container_wrap fullsize'   >\n<div class=\"flex_cell no_margin av_one_full\" style='vertical-align:top; padding:3% 10% 3% 10% ; '><div class='flex_cell_inner' ><p><div class='flex_column_table av-equal-height-column-flextable -flextable' style='margin-top:0px; margin-bottom:0px; '><div class=\"flex_column av_one_half  flex_column_table_cell av-equal-height-column av-align-middle first\" style='background: #ffffff; padding:2% 2% 2% 2% ; background-color:#ffffff; border-radius:0px; '><p><div style='padding-bottom:10px; margin:0px 0px 0px 0px; color:#c82a29;font-size:40px;' class='av-special-heading av-special-heading-h2 custom-color-heading blockquote modern-quote  av-inherit-size'><h2 class='av-special-heading-tag'  itemprop=\"headline\"  >Qualification des fournisseurs<\/h2><div class='special-heading-border'><div class='special-heading-inner-border' style='border-color:#c82a29'><\/div><\/div><\/div><br \/>\n<section class=\"av_textblock_section\"  itemscope=\"itemscope\" itemtype=\"https:\/\/schema.org\/CreativeWork\" ><div class='avia_textblock'  style='font-size:20px; '  itemprop=\"text\" ><p style=\"text-align: left;\">Trouver le bon fournisseur est un processus complexe. ON Group dispose d'une proc\u00e9dure compl\u00e8te de qualification des fournisseurs. Nos experts en contr\u00f4le de la qualit\u00e9 visiteront les fournisseurs potentiels et analyseront leurs capacit\u00e9s \u00e0 v\u00e9rifier la qualit\u00e9. Nous nous chargeons de trouver le bon fournisseur.<\/p>\n<\/div><\/section><\/p><\/div><\/div><!--close column table wrapper. Autoclose: 1 --><div class='flex_column_table av-equal-height-column-flextable -flextable' style='margin-top:0px; margin-bottom:0px; '><div class='av-flex-placeholder'><\/div><div class=\"flex_column av_one_half  flex_column_table_cell av-equal-height-column av-align-middle\" style='background: #ffffff; padding:2%; background-color:#ffffff; border-radius:0px; '><p><div style='padding-bottom:10px; margin:0px 0px 0px 0px; color:#c82a29;font-size:40px;' class='av-special-heading av-special-heading-h2 custom-color-heading blockquote modern-quote  av-inherit-size'><h2 class='av-special-heading-tag'  itemprop=\"headline\"  >D\u00e9pannage<\/h2><div class='special-heading-border'><div class='special-heading-inner-border' style='border-color:#c82a29'><\/div><\/div><\/div><br \/>\n<section class=\"av_textblock_section\"  itemscope=\"itemscope\" itemtype=\"https:\/\/schema.org\/CreativeWork\" ><div class='avia_textblock'  style='font-size:20px; '  itemprop=\"text\" ><p style=\"text-align: left;\">M\u00eame avec une planification minutieuse, des complications peuvent survenir. Notre r\u00e9seau mondial d'ing\u00e9nieurs est pr\u00eat \u00e0 assurer le d\u00e9pannage sur place. Nous fournissons rapidement une assistance pour tout type de processus de production afin de vous remettre sur les rails.<\/p>\n<\/div><\/section><\/p><\/div><\/div><!--close column table wrapper. Autoclose: 1 --><div style='height:50px' class='hr hr-invisible'><span class='hr-inner' ><span class='hr-inner-style'><\/span><\/span><\/div><br \/>\n<div class='flex_column_table av-equal-height-column-flextable -flextable' ><div class=\"flex_column av_one_half  flex_column_table_cell av-equal-height-column av-align-middle first\" style='background: #ffffff; padding:2% 2% 2% 2% ; background-color:#ffffff; border-radius:0px; '><p><div style='padding-bottom:10px; margin:0px 0px 0px 0px; color:#c82a29;font-size:40px;' class='av-special-heading av-special-heading-h2 custom-color-heading blockquote modern-quote  av-inherit-size'><h2 class='av-special-heading-tag'  itemprop=\"headline\"  >Contr\u00f4le De La Qualit\u00e9<\/h2><div class='special-heading-border'><div class='special-heading-inner-border' style='border-color:#c82a29'><\/div><\/div><\/div><br \/>\n<section class=\"av_textblock_section\"  itemscope=\"itemscope\" itemtype=\"https:\/\/schema.org\/CreativeWork\" ><div class='avia_textblock'  style='font-size:20px; '  itemprop=\"text\" ><p style=\"text-align: left;\">La confiance fait partie int\u00e9grante du processus de fabrication. ON Group prend cette confiance au s\u00e9rieux en faisant appel \u00e0 des experts en contr\u00f4le de la qualit\u00e9 qui supervisent tous les aspects de votre projet. Pour s'assurer que votre fournisseur fournit les niveaux de qualit\u00e9 que vous exigez, nous effectuons des inspections de qualit\u00e9 \u00e0 tous les stades, des PPAP, et plus encore si n\u00e9cessaire. Nous disposons d'un support SGS complet. Soyez assur\u00e9 que ON Group a vos int\u00e9r\u00eats \u00e0 c\u0153ur.<\/p>\n<\/div><\/section><\/p><\/div><\/div><!--close column table wrapper. Autoclose: 1 --><div class='flex_column_table av-equal-height-column-flextable -flextable' ><div class='av-flex-placeholder'><\/div><div class=\"flex_column av_one_half  flex_column_table_cell av-equal-height-column av-align-middle\" style='background: #ffffff; padding:2%; background-color:#ffffff; border-radius:0px; '><p><div style='padding-bottom:10px; margin:0px 0px 0px 0px; color:#c82a29;font-size:40px;' class='av-special-heading av-special-heading-h2 custom-color-heading blockquote modern-quote  av-inherit-size'><h2 class='av-special-heading-tag'  itemprop=\"headline\"  >Suivi du projet<\/h2><div class='special-heading-border'><div class='special-heading-inner-border' style='border-color:#c82a29'><\/div><\/div><\/div><br \/>\n<section class=\"av_textblock_section\"  itemscope=\"itemscope\" itemtype=\"https:\/\/schema.org\/CreativeWork\" ><div class='avia_textblock'  style='font-size:20px; '  itemprop=\"text\" ><p style=\"text-align: left;\">Votre production en s\u00e9rie est-elle termin\u00e9e et exp\u00e9di\u00e9e ? Ce n'est pas le cas de ON Group. Nos \u00e9quipes d'ing\u00e9nierie, de gestion de la production et de contr\u00f4le de la qualit\u00e9 sont pr\u00eates \u00e0 vous offrir un suivi de projet direct et sur site presque partout en Asie et en Europe. Avec des partenaires de support apr\u00e8s-vente en Europe, en Am\u00e9rique du Nord et en Asie, nous assurons un suivi global des projets.<\/p>\n<\/div><\/section><\/p><\/div><\/div><!--close column table wrapper. Autoclose: 1 --><\/p>\n<\/div><\/div>\n<\/div>\n<\/div><\/div><\/div><!-- close content main div --><\/div><\/div><div id='bg-image-cover' class='avia-section main_color avia-section-default avia-no-border-styling av-section-color-overlay-active avia-bg-style-fixed   av-minimum-height av-minimum-height-25 container_wrap fullsize' style = 'background-repeat: no-repeat; background-image: url(https:\/\/ongroup.net\/wp-content\/uploads\/2020\/04\/where-we-are-1.jpg);background-attachment: fixed; background-position: top left; ' data-section-bg-repeat='no-repeat' ><div class='av-section-color-overlay-wrap'><div class='av-section-color-overlay' style='opacity: 0.5; background-color: #0a0a0a; '><\/div><div class='container' ><div class='template-page content  av-content-full alpha units'><div class='post-entry post-entry-type-page post-entry-1402'><div class='entry-content-wrapper clearfix'>\n<div class=\"flex_column av_one_full  flex_column_div av-zero-column-padding first\" style='border-radius:0px; '><div style='padding-bottom:10px; color:#ffffff;font-size:60px;' class='av-special-heading av-special-heading-h2 custom-color-heading blockquote modern-quote modern-centered  av-inherit-size'><h2 class='av-special-heading-tag  av-medium-font-size-overwrite av-medium-font-size-40 av-small-font-size-overwrite av-small-font-size-30 av-mini-font-size-overwrite av-mini-font-size-30'  itemprop=\"headline\"  >Nous offrons un service complet de fabrication.<\/h2><div class='special-heading-border'><div class='special-heading-inner-border' style='border-color:#ffffff'><\/div><\/div><\/div><\/div>\n\n<\/div><\/div><\/div><!-- close content main div --><\/div><\/div><\/div><div id='av_section_2' class='avia-section main_color avia-section-default avia-no-border-styling avia-full-stretch av-parallax-section avia-bg-style-parallax   container_wrap fullsize'  data-section-bg-repeat='stretch' ><div class='av-parallax' data-avia-parallax-ratio='0.3' ><div class='av-parallax-inner main_color  avia-full-stretch' style = 'background-repeat: no-repeat; background-image: url(https:\/\/ongroup.net\/wp-content\/uploads\/2020\/01\/Parallax3.jpg);background-attachment: scroll; background-position: top center; ' ><\/div><\/div><div class='container' ><div class='template-page content  av-content-full alpha units'><div class='post-entry post-entry-type-page post-entry-1402'><div class='entry-content-wrapper clearfix'>\n<div class=\"flex_column av_three_fourth  flex_column_div av-zero-column-padding first\" style='border-radius:0px; '><div style='padding-bottom:10px; margin:0px 0px 0px 0px; color:#ffffff;font-size:42px;' class='av-special-heading av-special-heading-h2 custom-color-heading blockquote modern-quote  av-thin-font av-inherit-size'><h2 class='av-special-heading-tag  av-medium-font-size-overwrite av-medium-font-size-35 av-small-font-size-overwrite av-small-font-size-30 av-mini-font-size-overwrite av-mini-font-size-30'  itemprop=\"headline\"  ><strong>Laissez-nous vous fournir un devis pour votre prochain projet.<\/strong><\/h2><div class='special-heading-border'><div class='special-heading-inner-border' style='border-color:#ffffff'><\/div><\/div><\/div><\/div><div class=\"flex_column av_one_fourth  flex_column_div\" style='padding:2% 0px 0px 0px ; border-radius:0px; '><div class='avia-button-wrap avia-button-center'><a href=''  class='avia-button av-icon-on-hover  avia-icon_select-yes-left-icon avia-color-light avia-size-large avia-position-center'   ><span class='avia_button_icon avia_button_icon_left' aria-hidden='true' data-av_icon='\ue80a' data-av_iconfont='entypo-fontello'><\/span><span class='avia_iconbox_title' >Obtenez un devis maintenant<\/span><\/a><\/div><\/div>","protected":false},"excerpt":{"rendered":"","protected":false},"author":1,"featured_media":0,"parent":0,"menu_order":0,"comment_status":"closed","ping_status":"closed","template":"","meta":{"footnotes":""},"class_list":["post-1402","page","type-page","status-publish","hentry"],"yoast_head":"<!-- This site is optimized with the Yoast SEO plugin v27.4 - https:\/\/yoast.com\/product\/yoast-seo-wordpress\/ -->\n<title>Consulting - ONGROUP<\/title>\n<meta name=\"robots\" content=\"index, follow, max-snippet:-1, max-image-preview:large, max-video-preview:-1\" \/>\n<link rel=\"canonical\" href=\"https:\/\/ongroup.net\/fr\/consulting\/\" \/>\n<meta property=\"og:locale\" content=\"fr_FR\" \/>\n<meta property=\"og:type\" content=\"article\" \/>\n<meta property=\"og:title\" content=\"Consulting - ONGROUP\" \/>\n<meta property=\"og:url\" content=\"https:\/\/ongroup.net\/fr\/consulting\/\" \/>\n<meta property=\"og:site_name\" content=\"ONGROUP\" \/>\n<meta property=\"article:modified_time\" content=\"2023-10-19T13:09:25+00:00\" \/>\n<meta name=\"twitter:card\" content=\"summary_large_image\" \/>\n<meta name=\"twitter:label1\" content=\"Dur\u00e9e de lecture estim\u00e9e\" \/>\n\t<meta name=\"twitter:data1\" content=\"5 minutes\" \/>\n<script type=\"application\/ld+json\" class=\"yoast-schema-graph\">{\"@context\":\"https:\\\/\\\/schema.org\",\"@graph\":[{\"@type\":\"WebPage\",\"@id\":\"https:\\\/\\\/ongroup.net\\\/consulting\\\/\",\"url\":\"https:\\\/\\\/ongroup.net\\\/consulting\\\/\",\"name\":\"Consulting - ONGROUP\",\"isPartOf\":{\"@id\":\"https:\\\/\\\/ongroup.net\\\/#website\"},\"datePublished\":\"2020-05-03T10:36:25+00:00\",\"dateModified\":\"2023-10-19T13:09:25+00:00\",\"breadcrumb\":{\"@id\":\"https:\\\/\\\/ongroup.net\\\/consulting\\\/#breadcrumb\"},\"inLanguage\":\"fr-FR\",\"potentialAction\":[{\"@type\":\"ReadAction\",\"target\":[\"https:\\\/\\\/ongroup.net\\\/consulting\\\/\"]}]},{\"@type\":\"BreadcrumbList\",\"@id\":\"https:\\\/\\\/ongroup.net\\\/consulting\\\/#breadcrumb\",\"itemListElement\":[{\"@type\":\"ListItem\",\"position\":1,\"name\":\"Home\",\"item\":\"https:\\\/\\\/ongroup.net\\\/home\\\/\"},{\"@type\":\"ListItem\",\"position\":2,\"name\":\"Consulting\"}]},{\"@type\":\"WebSite\",\"@id\":\"https:\\\/\\\/ongroup.net\\\/#website\",\"url\":\"https:\\\/\\\/ongroup.net\\\/\",\"name\":\"ONGROUP\",\"description\":\"Molds, industrialization and production\",\"potentialAction\":[{\"@type\":\"SearchAction\",\"target\":{\"@type\":\"EntryPoint\",\"urlTemplate\":\"https:\\\/\\\/ongroup.net\\\/?s={search_term_string}\"},\"query-input\":{\"@type\":\"PropertyValueSpecification\",\"valueRequired\":true,\"valueName\":\"search_term_string\"}}],\"inLanguage\":\"fr-FR\"}]}<\/script>\n<!-- \/ Yoast SEO plugin. -->","yoast_head_json":{"title":"Consulting - ONGROUP","robots":{"index":"index","follow":"follow","max-snippet":"max-snippet:-1","max-image-preview":"max-image-preview:large","max-video-preview":"max-video-preview:-1"},"canonical":"https:\/\/ongroup.net\/fr\/consulting\/","og_locale":"fr_FR","og_type":"article","og_title":"Consulting - ONGROUP","og_url":"https:\/\/ongroup.net\/fr\/consulting\/","og_site_name":"ONGROUP","article_modified_time":"2023-10-19T13:09:25+00:00","twitter_card":"summary_large_image","twitter_misc":{"Dur\u00e9e de lecture estim\u00e9e":"5 minutes"},"schema":{"@context":"https:\/\/schema.org","@graph":[{"@type":"WebPage","@id":"https:\/\/ongroup.net\/consulting\/","url":"https:\/\/ongroup.net\/consulting\/","name":"Consulting - ONGROUP","isPartOf":{"@id":"https:\/\/ongroup.net\/#website"},"datePublished":"2020-05-03T10:36:25+00:00","dateModified":"2023-10-19T13:09:25+00:00","breadcrumb":{"@id":"https:\/\/ongroup.net\/consulting\/#breadcrumb"},"inLanguage":"fr-FR","potentialAction":[{"@type":"ReadAction","target":["https:\/\/ongroup.net\/consulting\/"]}]},{"@type":"BreadcrumbList","@id":"https:\/\/ongroup.net\/consulting\/#breadcrumb","itemListElement":[{"@type":"ListItem","position":1,"name":"Home","item":"https:\/\/ongroup.net\/home\/"},{"@type":"ListItem","position":2,"name":"Consulting"}]},{"@type":"WebSite","@id":"https:\/\/ongroup.net\/#website","url":"https:\/\/ongroup.net\/","name":"ONGROUP","description":"Molds, industrialization and production","potentialAction":[{"@type":"SearchAction","target":{"@type":"EntryPoint","urlTemplate":"https:\/\/ongroup.net\/?s={search_term_string}"},"query-input":{"@type":"PropertyValueSpecification","valueRequired":true,"valueName":"search_term_string"}}],"inLanguage":"fr-FR"}]}},"_links":{"self":[{"href":"https:\/\/ongroup.net\/fr\/wp-json\/wp\/v2\/pages\/1402","targetHints":{"allow":["GET"]}}],"collection":[{"href":"https:\/\/ongroup.net\/fr\/wp-json\/wp\/v2\/pages"}],"about":[{"href":"https:\/\/ongroup.net\/fr\/wp-json\/wp\/v2\/types\/page"}],"author":[{"embeddable":true,"href":"https:\/\/ongroup.net\/fr\/wp-json\/wp\/v2\/users\/1"}],"replies":[{"embeddable":true,"href":"https:\/\/ongroup.net\/fr\/wp-json\/wp\/v2\/comments?post=1402"}],"version-history":[{"count":10,"href":"https:\/\/ongroup.net\/fr\/wp-json\/wp\/v2\/pages\/1402\/revisions"}],"predecessor-version":[{"id":1731,"href":"https:\/\/ongroup.net\/fr\/wp-json\/wp\/v2\/pages\/1402\/revisions\/1731"}],"wp:attachment":[{"href":"https:\/\/ongroup.net\/fr\/wp-json\/wp\/v2\/media?parent=1402"}],"curies":[{"name":"wp","href":"https:\/\/api.w.org\/{rel}","templated":true}]}}