{"id":1475,"date":"2020-05-05T17:53:12","date_gmt":"2020-05-05T17:53:12","guid":{"rendered":"http:\/\/ongroup.net\/?page_id=1475"},"modified":"2024-09-06T07:47:18","modified_gmt":"2024-09-06T07:47:18","slug":"plastic-injection","status":"publish","type":"page","link":"https:\/\/ongroup.net\/fr\/plastic-injection\/","title":{"rendered":"Injection Plastique"},"content":{"rendered":"<\/div><\/div><\/div><!-- close content main div --><\/div><\/div><div id='full_slider_1' class='avia-fullwidth-slider main_color avia-shadow   container_wrap fullsize'   ><div  data-size='no scaling'  data-lightbox_size='large'  data-animation='slide'  data-conditional_play=''  data-ids='1317'  data-video_counter='0'  data-autoplay='false'  data-bg_slider='false'  data-slide_height=''  data-handle='av_slideshow_full'  data-interval='5'  data-class=' '  data-css_id=''  data-scroll_down=''  data-control_layout='av-control-default'  data-custom_markup=''  data-perma_caption=''  data-autoplay_stopper=''  data-image_attachment=''  data-min_height='0px'  data-src=''  data-position='top left'  data-repeat='no-repeat'  data-attach='scroll'  data-stretch=''  class='avia-slideshow avia-slideshow-1  av-control-default av-default-height-applied avia-slideshow-no scaling av_slideshow_full   avia-slide-slider'  itemprop=\"ImageObject\" itemscope=\"itemscope\" itemtype=\"https:\/\/schema.org\/ImageObject\" ><ul class='avia-slideshow-inner' style='padding-bottom: 31.529164477141%;' ><li  class='av-single-slide slide-1' ><div data-rel='slideshow-1' class='avia-slide-wrap'   ><div class = \"caption_fullwidth av-slideshow-caption caption_left\"><div class = \"container caption_container\"><div class = \"slideshow_caption\"><div class = \"slideshow_inner_caption\"><div class = \"slideshow_align_caption\"><h2  style='font-size:54px; color:#ffffff; ' class='avia-caption-title'  itemprop=\"name\" >Injection Plastique<\/h2><\/div><\/div><\/div><\/div><\/div><img src='https:\/\/ongroup.net\/wp-content\/uploads\/2020\/04\/quality.jpg' width='1903' height='600' title='quality' alt=''  itemprop=\"thumbnailUrl\"   \/><div class='av-section-color-overlay' style='opacity: 0.5; background-color: #0a0a0a; '><\/div><\/div><\/li><\/ul><\/div><\/div>\n<\/div><\/div><\/div><!-- close content main div --><\/div><\/div><div id='av-layout-grid-1' class='av-layout-grid-container entry-content-wrapper main_color av-flex-cells    container_wrap fullsize'   >\n<div class=\"flex_cell no_margin av_one_full\" style='background: #ffffff; vertical-align:top; padding:2% 5% 0% 5% ; background-color:#ffffff; '><div class='flex_cell_inner' ><p><div class=\"flex_column av_one_fifth  no_margin flex_column_div av-zero-column-padding first\" style='border-radius:0px; '><\/div><div class=\"flex_column av_three_fifth  no_margin flex_column_div av-zero-column-padding\" style='border-radius:0px; '><p><div style='padding-bottom:10px; margin:0px 0px 0px 0px; font-size:40px;' class='av-special-heading av-special-heading-h2 custom-color-heading blockquote modern-quote modern-centered   av-inherit-size'><h2 class='av-special-heading-tag'  itemprop=\"headline\"  >Injection Plastique<\/h2><div class='special-heading-border'><div class='special-heading-inner-border' ><\/div><\/div><\/div><br \/>\n<section class=\"av_textblock_section\"  itemscope=\"itemscope\" itemtype=\"https:\/\/schema.org\/CreativeWork\" ><div class='avia_textblock'  style='font-size:20px; '  itemprop=\"text\" ><p style=\"text-align: center;\">Depuis 2006, le c\u0153ur de m\u00e9tier d'ON Group est l'injection plastique de 1gr \u00e0 24kg, de la petite \u00e0 la grande s\u00e9rie...<\/p>\n<p style=\"text-align: center;\">Nous poss\u00e9dons un parc de machines de moulage par injection en Chine et en France. Nous pouvons r\u00e9aliser des commandes de grande, moyenne et petite taille, de quelques dizaines \u00e0 plusieurs centaines de milliers de pi\u00e8ces dans une large gamme de thermoplastiques.<\/p>\n<p style=\"text-align: center;\">ON Group a servi de nombreuses industries : a\u00e9ronautique, automobile, mobilier, start-ups, IoT, agroalimentaire, transport, sport, d\u00e9coration et am\u00e9nagement, b\u00e2timent, musique, m\u00e9dical, textile et cosm\u00e9tique. Nous sommes enthousiastes \u00e0 l'id\u00e9e d'appliquer notre exp\u00e9rience \u00e0 de nouveaux domaines \u00e9galement.<\/p>\n<\/div><\/section><\/p><\/div><div class=\"flex_column av_one_fifth  no_margin flex_column_div av-zero-column-padding\" style='border-radius:0px; '><\/div><\/p>\n<\/div><\/div>\n<\/div>\n<\/div><\/div><\/div><!-- close content main div --><\/div><\/div><div id='av_section_1' class='avia-section main_color avia-section-default avia-no-border-styling avia-bg-style-scroll   container_wrap fullsize' style = 'background-image: '  ><div class='container' ><div class='template-page content  av-content-full alpha units'><div class='post-entry post-entry-type-page post-entry-1475'><div class='entry-content-wrapper clearfix'>\n<div class=\"flex_column av_one_half  flex_column_div first\" style='background: #b02b2c; padding:10px; background-color:#b02b2c; border-radius:0px; '><p><div class='avia-image-container  av-styling-no-styling av-hover-grow   avia-align-center'  itemprop=\"ImageObject\" itemscope=\"itemscope\" itemtype=\"https:\/\/schema.org\/ImageObject\"  ><div class='avia-image-container-inner'><div class='avia-image-overlay-wrap'><img class='avia_image' src='https:\/\/ongroup.net\/wp-content\/uploads\/2024\/09\/CAR-BUMPER-495x400.png' alt='CAR BUMPER' title='' height=\"400\"width=\"495\"  itemprop=\"thumbnailUrl\"  \/><\/div><\/div><\/div><br \/>\n<div style='padding-bottom:10px; margin:0px 0px 0px 0px; color:#ffffff;font-size:28px;' class='av-special-heading av-special-heading-h2 custom-color-heading blockquote modern-quote modern-centered   av-inherit-size'><h2 class='av-special-heading-tag'  itemprop=\"headline\"  >Automobile<\/h2><div class='special-heading-border'><div class='special-heading-inner-border' style='border-color:#ffffff'><\/div><\/div><\/div><\/p><\/div><div class=\"flex_column av_one_half  flex_column_div\" style='background: #b02b2c; padding:10px; background-color:#b02b2c; border-radius:0px; '><p><div class='avia-image-container  av-styling-no-styling av-hover-grow   avia-align-center'  itemprop=\"ImageObject\" itemscope=\"itemscope\" itemtype=\"https:\/\/schema.org\/ImageObject\"  ><div class='avia-image-container-inner'><div class='avia-image-overlay-wrap'><img class='avia_image' src='https:\/\/ongroup.net\/wp-content\/uploads\/2024\/09\/DOG-COLLAR-5-495x400.jpg' alt='M Square' title='' height=\"400\"width=\"495\"  itemprop=\"thumbnailUrl\"  \/><\/div><\/div><\/div><br \/>\n<div style='padding-bottom:10px; margin:0px 0px 0px 0px; color:#ffffff;font-size:28px;' class='av-special-heading av-special-heading-h2 custom-color-heading blockquote modern-quote modern-centered   av-inherit-size'><h2 class='av-special-heading-tag'  itemprop=\"headline\"  >IoT<\/h2><div class='special-heading-border'><div class='special-heading-inner-border' style='border-color:#ffffff'><\/div><\/div><\/div><\/p><\/div><\/div><\/div><\/div><!-- close content main div --><\/div><\/div><div id='bg-image-cover' class='avia-section main_color avia-section-default avia-no-border-styling av-section-color-overlay-active avia-bg-style-fixed   av-minimum-height av-minimum-height-25 container_wrap fullsize' style = 'background-repeat: no-repeat; background-image: url(https:\/\/ongroup.net\/wp-content\/uploads\/2020\/04\/where-we-are-1.jpg);background-attachment: fixed; background-position: top left; ' data-section-bg-repeat='no-repeat' ><div class='av-section-color-overlay-wrap'><div class='av-section-color-overlay' style='opacity: 0.5; background-color: #0a0a0a; '><\/div><div class='container' ><div class='template-page content  av-content-full alpha units'><div class='post-entry post-entry-type-page post-entry-1475'><div class='entry-content-wrapper clearfix'>\n<div class=\"flex_column av_one_full  flex_column_div av-zero-column-padding first\" style='border-radius:0px; '><div style='padding-bottom:10px; color:#ffffff;font-size:60px;' class='av-special-heading av-special-heading-h2 custom-color-heading blockquote modern-quote modern-centered  av-inherit-size'><h2 class='av-special-heading-tag  av-medium-font-size-overwrite av-medium-font-size-40 av-small-font-size-overwrite av-small-font-size-30 av-mini-font-size-overwrite av-mini-font-size-30'  itemprop=\"headline\"  >Nous offrons un service complet de fabrication.<\/h2><div class='special-heading-border'><div class='special-heading-inner-border' style='border-color:#ffffff'><\/div><\/div><\/div><\/div>\n<\/p>\n<\/div><\/div><\/div><!-- close content main div --><\/div><\/div><\/div><div id='av_section_3' class='avia-section main_color avia-section-default avia-no-border-styling avia-full-stretch av-parallax-section avia-bg-style-parallax   container_wrap fullsize'  data-section-bg-repeat='stretch' ><div class='av-parallax' data-avia-parallax-ratio='0.3' ><div class='av-parallax-inner main_color  avia-full-stretch' style = 'background-repeat: no-repeat; background-image: url(https:\/\/ongroup.net\/wp-content\/uploads\/2020\/01\/Parallax3.jpg);background-attachment: scroll; background-position: top center; ' ><\/div><\/div><div class='container' ><div class='template-page content  av-content-full alpha units'><div class='post-entry post-entry-type-page post-entry-1475'><div class='entry-content-wrapper clearfix'>\n<div class=\"flex_column av_three_fourth  flex_column_div av-zero-column-padding first\" style='border-radius:0px; '><div style='padding-bottom:10px; margin:0px 0px 0px 0px; color:#ffffff;font-size:42px;' class='av-special-heading av-special-heading-h2 custom-color-heading blockquote modern-quote  av-thin-font av-inherit-size'><h2 class='av-special-heading-tag  av-medium-font-size-overwrite av-medium-font-size-35 av-small-font-size-overwrite av-small-font-size-30 av-mini-font-size-overwrite av-mini-font-size-30'  itemprop=\"headline\"  ><strong>Laissez-nous vous fournir un devis pour votre prochain projet.<\/strong><\/h2><div class='special-heading-border'><div class='special-heading-inner-border' style='border-color:#ffffff'><\/div><\/div><\/div><\/div><div class=\"flex_column av_one_fourth  flex_column_div\" style='padding:2% 0px 0px 0px ; border-radius:0px; '><div class='avia-button-wrap avia-button-center'><a href=''  class='avia-button av-icon-on-hover  avia-icon_select-yes-left-icon avia-color-light avia-size-large avia-position-center'   ><span class='avia_button_icon avia_button_icon_left' aria-hidden='true' data-av_icon='\ue80a' data-av_iconfont='entypo-fontello'><\/span><span class='avia_iconbox_title' >Obtenez un devis maintenant<\/span><\/a><\/div><\/div>","protected":false},"excerpt":{"rendered":"","protected":false},"author":1,"featured_media":0,"parent":0,"menu_order":0,"comment_status":"closed","ping_status":"closed","template":"","meta":{"footnotes":""},"class_list":["post-1475","page","type-page","status-publish","hentry"],"yoast_head":"<!-- This site is optimized with the Yoast SEO plugin v27.4 - https:\/\/yoast.com\/product\/yoast-seo-wordpress\/ -->\n<title>Plastic Injection - ONGROUP<\/title>\n<meta name=\"robots\" content=\"index, follow, max-snippet:-1, max-image-preview:large, max-video-preview:-1\" \/>\n<link rel=\"canonical\" href=\"https:\/\/ongroup.net\/fr\/plastic-injection\/\" \/>\n<meta property=\"og:locale\" content=\"fr_FR\" \/>\n<meta property=\"og:type\" content=\"article\" \/>\n<meta property=\"og:title\" content=\"Plastic Injection - ONGROUP\" \/>\n<meta property=\"og:url\" content=\"https:\/\/ongroup.net\/fr\/plastic-injection\/\" \/>\n<meta property=\"og:site_name\" content=\"ONGROUP\" \/>\n<meta property=\"article:modified_time\" content=\"2024-09-06T07:47:18+00:00\" \/>\n<meta name=\"twitter:card\" content=\"summary_large_image\" \/>\n<meta name=\"twitter:label1\" content=\"Dur\u00e9e de lecture estim\u00e9e\" \/>\n\t<meta name=\"twitter:data1\" content=\"4 minutes\" \/>\n<script type=\"application\/ld+json\" class=\"yoast-schema-graph\">{\"@context\":\"https:\\\/\\\/schema.org\",\"@graph\":[{\"@type\":\"WebPage\",\"@id\":\"https:\\\/\\\/ongroup.net\\\/plastic-injection\\\/\",\"url\":\"https:\\\/\\\/ongroup.net\\\/plastic-injection\\\/\",\"name\":\"Plastic Injection - ONGROUP\",\"isPartOf\":{\"@id\":\"https:\\\/\\\/ongroup.net\\\/#website\"},\"datePublished\":\"2020-05-05T17:53:12+00:00\",\"dateModified\":\"2024-09-06T07:47:18+00:00\",\"breadcrumb\":{\"@id\":\"https:\\\/\\\/ongroup.net\\\/plastic-injection\\\/#breadcrumb\"},\"inLanguage\":\"fr-FR\",\"potentialAction\":[{\"@type\":\"ReadAction\",\"target\":[\"https:\\\/\\\/ongroup.net\\\/plastic-injection\\\/\"]}]},{\"@type\":\"BreadcrumbList\",\"@id\":\"https:\\\/\\\/ongroup.net\\\/plastic-injection\\\/#breadcrumb\",\"itemListElement\":[{\"@type\":\"ListItem\",\"position\":1,\"name\":\"Home\",\"item\":\"https:\\\/\\\/ongroup.net\\\/home\\\/\"},{\"@type\":\"ListItem\",\"position\":2,\"name\":\"Plastic Injection\"}]},{\"@type\":\"WebSite\",\"@id\":\"https:\\\/\\\/ongroup.net\\\/#website\",\"url\":\"https:\\\/\\\/ongroup.net\\\/\",\"name\":\"ONGROUP\",\"description\":\"Molds, industrialization and production\",\"potentialAction\":[{\"@type\":\"SearchAction\",\"target\":{\"@type\":\"EntryPoint\",\"urlTemplate\":\"https:\\\/\\\/ongroup.net\\\/?s={search_term_string}\"},\"query-input\":{\"@type\":\"PropertyValueSpecification\",\"valueRequired\":true,\"valueName\":\"search_term_string\"}}],\"inLanguage\":\"fr-FR\"}]}<\/script>\n<!-- \/ Yoast SEO plugin. -->","yoast_head_json":{"title":"Plastic Injection - ONGROUP","robots":{"index":"index","follow":"follow","max-snippet":"max-snippet:-1","max-image-preview":"max-image-preview:large","max-video-preview":"max-video-preview:-1"},"canonical":"https:\/\/ongroup.net\/fr\/plastic-injection\/","og_locale":"fr_FR","og_type":"article","og_title":"Plastic Injection - ONGROUP","og_url":"https:\/\/ongroup.net\/fr\/plastic-injection\/","og_site_name":"ONGROUP","article_modified_time":"2024-09-06T07:47:18+00:00","twitter_card":"summary_large_image","twitter_misc":{"Dur\u00e9e de lecture estim\u00e9e":"4 minutes"},"schema":{"@context":"https:\/\/schema.org","@graph":[{"@type":"WebPage","@id":"https:\/\/ongroup.net\/plastic-injection\/","url":"https:\/\/ongroup.net\/plastic-injection\/","name":"Plastic Injection - ONGROUP","isPartOf":{"@id":"https:\/\/ongroup.net\/#website"},"datePublished":"2020-05-05T17:53:12+00:00","dateModified":"2024-09-06T07:47:18+00:00","breadcrumb":{"@id":"https:\/\/ongroup.net\/plastic-injection\/#breadcrumb"},"inLanguage":"fr-FR","potentialAction":[{"@type":"ReadAction","target":["https:\/\/ongroup.net\/plastic-injection\/"]}]},{"@type":"BreadcrumbList","@id":"https:\/\/ongroup.net\/plastic-injection\/#breadcrumb","itemListElement":[{"@type":"ListItem","position":1,"name":"Home","item":"https:\/\/ongroup.net\/home\/"},{"@type":"ListItem","position":2,"name":"Plastic Injection"}]},{"@type":"WebSite","@id":"https:\/\/ongroup.net\/#website","url":"https:\/\/ongroup.net\/","name":"ONGROUP","description":"Molds, industrialization and production","potentialAction":[{"@type":"SearchAction","target":{"@type":"EntryPoint","urlTemplate":"https:\/\/ongroup.net\/?s={search_term_string}"},"query-input":{"@type":"PropertyValueSpecification","valueRequired":true,"valueName":"search_term_string"}}],"inLanguage":"fr-FR"}]}},"_links":{"self":[{"href":"https:\/\/ongroup.net\/fr\/wp-json\/wp\/v2\/pages\/1475","targetHints":{"allow":["GET"]}}],"collection":[{"href":"https:\/\/ongroup.net\/fr\/wp-json\/wp\/v2\/pages"}],"about":[{"href":"https:\/\/ongroup.net\/fr\/wp-json\/wp\/v2\/types\/page"}],"author":[{"embeddable":true,"href":"https:\/\/ongroup.net\/fr\/wp-json\/wp\/v2\/users\/1"}],"replies":[{"embeddable":true,"href":"https:\/\/ongroup.net\/fr\/wp-json\/wp\/v2\/comments?post=1475"}],"version-history":[{"count":15,"href":"https:\/\/ongroup.net\/fr\/wp-json\/wp\/v2\/pages\/1475\/revisions"}],"predecessor-version":[{"id":1958,"href":"https:\/\/ongroup.net\/fr\/wp-json\/wp\/v2\/pages\/1475\/revisions\/1958"}],"wp:attachment":[{"href":"https:\/\/ongroup.net\/fr\/wp-json\/wp\/v2\/media?parent=1475"}],"curies":[{"name":"wp","href":"https:\/\/api.w.org\/{rel}","templated":true}]}}