{"id":1679,"date":"2023-11-07T08:25:52","date_gmt":"2023-11-07T08:25:52","guid":{"rendered":"https:\/\/ongroup.net\/?page_id=1679"},"modified":"2023-11-07T08:25:52","modified_gmt":"2023-11-07T08:25:52","slug":"confidential-policy","status":"publish","type":"page","link":"https:\/\/ongroup.net\/fr\/confidential-policy\/","title":{"rendered":"Confidential Policy"},"content":{"rendered":"<div class=\"flex_column av_one_full  flex_column_div av-zero-column-padding first\" style='border-radius:0px; '><\/div>\n<section class=\"av_textblock_section\"  itemscope=\"itemscope\" itemtype=\"https:\/\/schema.org\/CreativeWork\" ><div class='avia_textblock'   itemprop=\"text\" ><h1 style=\"text-align: center;\" align=\"center\">On Group \u2013 politique de Confidentialit\u00e9<\/h1>\n<p>Le R\u00e8glement g\u00e9n\u00e9ral sur la protection des donn\u00e9es (RGPD) entrant en vigueur le 25 mai 2018, d\u00e9finit les principes \u00e0 respecter lors de la collecte, du traitement et de la conservation des donn\u00e9es personnelles. Ils garantissent \u00e9galement des droits aux personnes concern\u00e9es.<\/p>\n<p>La pr\u00e9sente politique de confidentialit\u00e9 d\u00e9finit et vous informe de la mani\u00e8re dont notre site web utilise et prot\u00e8ge les informations que vous pouvez nous fournir lorsque vous utilisez ce site web accessible \u00e0 partir de l'URL suivante : <a href=\"https:\/\/ongroup.net\/fr\/\">https:\/\/ongroup.net\/<\/a><\/p>\n<p>Veuillez noter que cette politique de confidentialit\u00e9 peut \u00eatre modifi\u00e9e ou compl\u00e9t\u00e9e \u00e0 tout moment par ON GROUP, en particulier dans le but de se conformer \u00e0 toute modification de la l\u00e9gislation, des r\u00e8glements, de la jurisprudence ou de la technologie.<\/p>\n<p>Dans un tel cas, la date de la mise \u00e0 jour sera clairement identifi\u00e9e en haut de la pr\u00e9sente politique.<\/p>\n<p>Ces modifications sont contraignantes pour l'utilisateur d\u00e8s leur mise en ligne. Il est donc conseill\u00e9 \u00e0 l'Utilisateur de consulter r\u00e9guli\u00e8rement la pr\u00e9sente politique de confidentialit\u00e9 et d'utilisation des cookies afin de prendre connaissance des \u00e9ventuelles modifications.<\/p>\n<h2>I. <strong>DONN\u00c9ES PERSONNELLES <\/strong><\/h2>\n<p>D'une mani\u00e8re g\u00e9n\u00e9rale, vous pouvez visiter notre Site sans communiquer aucune information personnelle vous concernant. En tout \u00e9tat de cause, vous n'\u00eates pas oblig\u00e9 de transmettre des informations \u00e0 ON GROUP. N\u00e9anmoins, en cas de refus, il se peut que vous ne puissiez pas b\u00e9n\u00e9ficier de certaines informations ou services que vous avez demand\u00e9s. Dans certains cas, notre Site peut vous demander de renseigner vos nom, pr\u00e9nom, adresse e-mail, num\u00e9ro de t\u00e9l\u00e9phone, entreprise et fonction (ci-apr\u00e8s vos \u00ab Informations Personnelles \u00bb). En fournissant ces informations, vous acceptez express\u00e9ment qu'elles soient trait\u00e9es par le GROUPE ON, aux fins indiqu\u00e9es au point 2 ci-dessous ainsi qu'aux fins rappel\u00e9es \u00e0 la fin de chaque formulaire. En application du R\u00e8glement G\u00e9n\u00e9ral sur la Protection des Donn\u00e9es (RGPD) adopt\u00e9 par le Parlement europ\u00e9en le 14 avril 2016 et de la loi Informatique et Libert\u00e9s du 6 janvier 1978 modifi\u00e9e, ON GROUP vous informe de ce qui suit :<\/p>\n<h3>1. <strong><em>IDENTIT\u00c9 DU RESPONSABLE DU TRAITEMENT <\/em><\/strong><\/h3>\n<p>Le contr\u00f4leur des donn\u00e9es est On Group, dont le si\u00e8ge social est situ\u00e9 au :<\/p>\n<p>Route de Paris, 21530 La Roche en Brenil, France<\/p>\n<p>T\u00e9l.: <a href=\"tel:+33380647186\">03 80 64 71 86<\/a><\/p>\n<h3>2. <strong><em>DES FINS DE TRAITEMENT DE <\/em><\/strong><\/h3>\n<p>On Group peut traiter vos informations personnelles : (a) pour vous fournir les informations 2\/3<\/p>\n<p>ou des services que vous avez demand\u00e9s (notamment : vous envoyer une brochure, une offre commerciale, des livres blancs ou \u00e9valuer votre niveau de conformit\u00e9 via un quiz) ; et\/ou (b) aux fins de collecter des informations nous permettant d'am\u00e9liorer notre Site, nos produits et services (notamment par le biais de cookies) ; et\/ou (c) aux fins de pouvoir vous contacter \u00e0 propos de diff\u00e9rents \u00e9v\u00e8nements relatifs \u00e0 ON GROUP, incluant notamment la mise \u00e0 jour des produits et le support client.<\/p>\n<h3>3. <strong><em>MAIL <\/em><\/strong><\/h3>\n<p>ON GROUP est le seul destinataire de vos informations personnelles. Ces informations, que ce soit sous forme individuelle ou agr\u00e9g\u00e9e, ne sont jamais transmises \u00e0 un tiers, nonobstant les sous-traitants auxquels ON GROUP fait appel (vous trouverez de plus amples informations \u00e0 leur sujet au point 7 ci-dessous). Ni ON GROUP ni aucun de ses sous-traitants ne proc\u00e8dent \u00e0 la commercialisation des donn\u00e9es personnelles des visiteurs et utilisateurs de son Site.<\/p>\n<h3>4. <strong><em>LA DUR\u00c9E DE VIE <\/em><\/strong><\/h3>\n<p>Vos Informations Personnelles sont conserv\u00e9es par ON GROUP uniquement pour le temps correspondant \u00e0 la finalit\u00e9 de la collecte tel qu'indiqu\u00e9 en 2 ci-dessus qui ne saurait en tout \u00e9tat de cause exc\u00e9der 24 mois.<\/p>\n<h3>5. <strong><em>DROITS DE PROTECTION DES DONN\u00c9ES <\/em><\/strong><\/h3>\n<p>Vous disposez des droits suivants concernant vos informations personnelles, que vous pouvez exercer en nous \u00e9crivant \u00e0 l'adresse postale mentionn\u00e9e au point 1 ou en remplissant les donn\u00e9es personnelles d'administration.<\/p>\n<p>o Droit d'acc\u00e8s et de communication des donn\u00e9es Vous disposez d'un droit d'acc\u00e8s \u00e0 vos donn\u00e9es personnelles. Toutefois, en raison de l'obligation de s\u00e9curit\u00e9 et de confidentialit\u00e9 dans le traitement des donn\u00e9es \u00e0 caract\u00e8re personnel qui incombe \u00e0 ON GROUP, vous \u00eates inform\u00e9 que votre demande sera trait\u00e9e sous r\u00e9serve que vous rapportiez la preuve de votre identit\u00e9, notamment par la production d'un identifiant \u00e9lectronique valide (en cas de demande par notre formulaire \u00e9lectronique d\u00e9di\u00e9) ou d'une photocopie sign\u00e9e de votre titre d'identit\u00e9 valide (en cas de demande adress\u00e9e par \u00e9crit). ON GROUP vous informe qu'il sera en droit, le cas \u00e9ch\u00e9ant, de s'opposer aux demandes manifestement abusives (de par leur nombre, leur caract\u00e8re r\u00e9p\u00e9titif ou syst\u00e9matique). Pour vous aider dans votre d\u00e9marche, notamment si vous souhaitez exercer votre droit d'acc\u00e8s en adressant une demande \u00e9crite \u00e0 l'adresse postale mentionn\u00e9e au point 1, vous trouverez un mod\u00e8le de courrier \u00e9tabli par la Commission Nationale de l'Informatique et des Libert\u00e9s (la \u00ab CNIL \u00bb) en cliquant sur le lien suivant. <a href=\"https:\/\/www.cnil.fr\/fr\/modele\/courrier\/exercer-son-droit-dacces\" target=\"_blank\" rel=\"noopener\">https:\/\/www.cnil.fr\/fr\/modele\/courrier\/exercer-son-droit-dacces<\/a><\/p>\n<p>o le Droit \u00e0 la rectification des donn\u00e9es: en Vertu de ce droit, vous avez le droit de demander la rectification, la mise \u00e0 jour, de blocage ou de suppression des donn\u00e9es vous concernant qui peuvent \u00eatre inexactes, erron\u00e9es, incompl\u00e8tes ou obsol\u00e8tes. Vous pouvez \u00e9galement d\u00e9finir g\u00e9n\u00e9rale et des directives sp\u00e9cifiques concernant le sort de vos donn\u00e9es personnelles apr\u00e8s votre d\u00e9c\u00e8s. Le cas \u00e9ch\u00e9ant, les h\u00e9ritiers d&#039;une personne d\u00e9c\u00e9d\u00e9e peut demander que la mort de leur proche \u00e0 \u00eatre prise en compte et\/ou que les mises \u00e0 jour. Pour vous aider avec votre demande, en particulier si vous souhaitez exercer votre droit de rectification en votre propre nom ou au nom d&#039;un parent d\u00e9c\u00e9d\u00e9, veuillez envoyer une demande \u00e9crite \u00e0 l&#039;adresse mentionn\u00e9e au point 1. Cliquez sur le lien suivant pour t\u00e9l\u00e9charger le mod\u00e8le de lettre \u00e9tablie par la CNIL. <a href=\"https:\/\/www.cnil.fr\/fr\/modele\/courrier\/rectifier-des-donnees-inexactes-obsoletes-ou-perimees\" target=\"_blank\" rel=\"noopener\">https:\/\/www.cnil.fr\/fr\/modele\/courrier\/rectifier-des-donnees-inexactes-obsoletes-ou-perimees<\/a><\/p>\n<p>o Droit de l&#039;objet: Ce droit ne peut \u00eatre exerc\u00e9 dans l&#039;une des deux situations suivantes:<\/p>\n<p>\u2022 Lorsque l&#039;exercice de ce droit est fond\u00e9e sur des motifs l\u00e9gitimes<br \/>\n\u2022 Lorsque le but de l&#039;exercice de ce droit est d&#039;emp\u00eacher que les donn\u00e9es collect\u00e9es soient utilis\u00e9es \u00e0 des fins de prospection commerciale.<br \/>\n\u2022 Pour vous aider dans ce processus, et en particulier si vous souhaitez exercer votre droit d&#039;opposition, par le biais d&#039;une demande \u00e9crite envoy\u00e9e \u00e0 l&#039;adresse postale indiqu\u00e9e dans le point 1, vous trouverez un mod\u00e8le de lettre \u00e9tablie par la CNIL en cliquant sur le lien suivant. <a href=\"https:\/\/www.cnil.fr\/fr\/modele\/courrier\/supprimer-des-informations-vous-concernant-dun-site-internet\" target=\"_blank\" rel=\"noopener\">https:\/\/www.cnil.fr\/fr\/modele\/courrier\/supprimer-des-informations-vous-concernant-dun-site-internet<\/a><\/p>\n<h3>6. <strong><em>LES TEMPS DE R\u00c9PONSE <\/em><\/strong><\/h3>\n<p>ON Group s'engage \u00e0 r\u00e9pondre \u00e0 votre demande d'acc\u00e8s, de rectification ou d'opposition ou de toute autre demande de renseignements suppl\u00e9mentaires \u00e0 l'int\u00e9rieur d'une p\u00e9riode de temps raisonnable, qui ne peut d\u00e9passer 1 mois \u00e0 compter de la r\u00e9ception de votre demande.<\/p>\n<h3>7. <strong><em>LES FOURNISSEURS DE SERVICES AUTORIS\u00c9S ET LE TRANSFERT \u00c0 UN NON-PAYS DE L&#039;UNION EUROP\u00c9ENNE <\/em><\/strong><\/h3>\n<p>ON GROUP vous informe qu'il a recours \u00e0 des prestataires habilit\u00e9s pour faciliter le recueil et le traitement des donn\u00e9es que vous nous avez communiqu\u00e9es. Ces prestataires peuvent \u00eatre situ\u00e9s en dehors de l'Union Europ\u00e9enne et sont responsables de la communication des donn\u00e9es collect\u00e9es via les diff\u00e9rents formulaires du Site (\u00e0 l'exception du formulaire vous permettant d'exercer vos droits en mati\u00e8re de protection des donn\u00e9es, qui est propos\u00e9 et exploit\u00e9 par ON GROUP). ON GROUP s'est pr\u00e9alablement assur\u00e9 de la mise en \u0153uvre par ses prestataires de garanties ad\u00e9quates et du respect de conditions strictes en mati\u00e8re de confidentialit\u00e9, d'usage et de protection des donn\u00e9es. En particulier, une vigilance a \u00e9t\u00e9 exerc\u00e9e pour s'assurer de l'existence d'une base l\u00e9gale pour tout transfert de donn\u00e9es vers un pays tiers. A cet \u00e9gard, l'un de nos prestataires est soumis \u00e0 des r\u00e8gles internes d'entreprise (ou \u00ab Binding Corporate Rules \u00bb) qui ont \u00e9t\u00e9 approuv\u00e9es par la CNIL en 2016 quand les autres ob\u00e9issent non seulement aux Clauses Contractuelles Types mais aussi au Privacy Shield.<\/p>\n<h3>8. <strong><em>PLAINTE \u00c0 L&#039;AUTORIT\u00c9 COMP\u00c9TENTE <\/em><\/strong><\/h3>\n<p>Si vous consid\u00e9rez que ON GROUP ne respecte pas ses obligations au regard de vos Informations Personnelles, vous pouvez adresser une plainte ou une demande aupr\u00e8s de l'autorit\u00e9 comp\u00e9tente. En France, l'autorit\u00e9 comp\u00e9tente est la CNIL, \u00e0 laquelle vous pouvez adresser une demande par voie \u00e9lectronique en cliquant sur le lien suivant : <a href=\"https:\/\/www.cnil.fr\/fr\/plaintes\/internet\" target=\"_blank\" rel=\"noopener\">https:\/\/www.cnil.fr\/fr\/plaintes\/internet<\/a>.<\/p>\n<p>Enfin, pour consulter notre politique sur les cookies, visitez notre page d\u00e9di\u00e9e : <a href=\"\/fr\/cookies-policy\/\">ici<\/a><\/p>\n<\/div><\/section>","protected":false},"excerpt":{"rendered":"","protected":false},"author":4,"featured_media":0,"parent":0,"menu_order":0,"comment_status":"closed","ping_status":"closed","template":"","meta":{"footnotes":""},"class_list":["post-1679","page","type-page","status-publish","hentry"],"yoast_head":"<!-- This site is optimized with the Yoast SEO plugin v27.4 - https:\/\/yoast.com\/product\/yoast-seo-wordpress\/ -->\n<title>Confidential Policy - ONGROUP<\/title>\n<meta name=\"robots\" content=\"index, follow, max-snippet:-1, max-image-preview:large, max-video-preview:-1\" \/>\n<link rel=\"canonical\" href=\"https:\/\/ongroup.net\/fr\/confidential-policy\/\" \/>\n<meta property=\"og:locale\" content=\"fr_FR\" \/>\n<meta property=\"og:type\" content=\"article\" \/>\n<meta property=\"og:title\" content=\"Confidential Policy - ONGROUP\" \/>\n<meta property=\"og:url\" content=\"https:\/\/ongroup.net\/fr\/confidential-policy\/\" \/>\n<meta property=\"og:site_name\" content=\"ONGROUP\" \/>\n<meta name=\"twitter:card\" content=\"summary_large_image\" \/>\n<meta name=\"twitter:label1\" content=\"Dur\u00e9e de lecture estim\u00e9e\" \/>\n\t<meta name=\"twitter:data1\" content=\"6 minutes\" \/>\n<script type=\"application\/ld+json\" class=\"yoast-schema-graph\">{\"@context\":\"https:\\\/\\\/schema.org\",\"@graph\":[{\"@type\":\"WebPage\",\"@id\":\"https:\\\/\\\/ongroup.net\\\/confidential-policy\\\/\",\"url\":\"https:\\\/\\\/ongroup.net\\\/confidential-policy\\\/\",\"name\":\"Confidential Policy - ONGROUP\",\"isPartOf\":{\"@id\":\"https:\\\/\\\/ongroup.net\\\/#website\"},\"datePublished\":\"2023-11-07T08:25:52+00:00\",\"breadcrumb\":{\"@id\":\"https:\\\/\\\/ongroup.net\\\/confidential-policy\\\/#breadcrumb\"},\"inLanguage\":\"fr-FR\",\"potentialAction\":[{\"@type\":\"ReadAction\",\"target\":[\"https:\\\/\\\/ongroup.net\\\/confidential-policy\\\/\"]}]},{\"@type\":\"BreadcrumbList\",\"@id\":\"https:\\\/\\\/ongroup.net\\\/confidential-policy\\\/#breadcrumb\",\"itemListElement\":[{\"@type\":\"ListItem\",\"position\":1,\"name\":\"Home\",\"item\":\"https:\\\/\\\/ongroup.net\\\/home\\\/\"},{\"@type\":\"ListItem\",\"position\":2,\"name\":\"Confidential Policy\"}]},{\"@type\":\"WebSite\",\"@id\":\"https:\\\/\\\/ongroup.net\\\/#website\",\"url\":\"https:\\\/\\\/ongroup.net\\\/\",\"name\":\"ONGROUP\",\"description\":\"Molds, industrialization and production\",\"potentialAction\":[{\"@type\":\"SearchAction\",\"target\":{\"@type\":\"EntryPoint\",\"urlTemplate\":\"https:\\\/\\\/ongroup.net\\\/?s={search_term_string}\"},\"query-input\":{\"@type\":\"PropertyValueSpecification\",\"valueRequired\":true,\"valueName\":\"search_term_string\"}}],\"inLanguage\":\"fr-FR\"}]}<\/script>\n<!-- \/ Yoast SEO plugin. -->","yoast_head_json":{"title":"Confidential Policy - ONGROUP","robots":{"index":"index","follow":"follow","max-snippet":"max-snippet:-1","max-image-preview":"max-image-preview:large","max-video-preview":"max-video-preview:-1"},"canonical":"https:\/\/ongroup.net\/fr\/confidential-policy\/","og_locale":"fr_FR","og_type":"article","og_title":"Confidential Policy - ONGROUP","og_url":"https:\/\/ongroup.net\/fr\/confidential-policy\/","og_site_name":"ONGROUP","twitter_card":"summary_large_image","twitter_misc":{"Dur\u00e9e de lecture estim\u00e9e":"6 minutes"},"schema":{"@context":"https:\/\/schema.org","@graph":[{"@type":"WebPage","@id":"https:\/\/ongroup.net\/confidential-policy\/","url":"https:\/\/ongroup.net\/confidential-policy\/","name":"Confidential Policy - ONGROUP","isPartOf":{"@id":"https:\/\/ongroup.net\/#website"},"datePublished":"2023-11-07T08:25:52+00:00","breadcrumb":{"@id":"https:\/\/ongroup.net\/confidential-policy\/#breadcrumb"},"inLanguage":"fr-FR","potentialAction":[{"@type":"ReadAction","target":["https:\/\/ongroup.net\/confidential-policy\/"]}]},{"@type":"BreadcrumbList","@id":"https:\/\/ongroup.net\/confidential-policy\/#breadcrumb","itemListElement":[{"@type":"ListItem","position":1,"name":"Home","item":"https:\/\/ongroup.net\/home\/"},{"@type":"ListItem","position":2,"name":"Confidential Policy"}]},{"@type":"WebSite","@id":"https:\/\/ongroup.net\/#website","url":"https:\/\/ongroup.net\/","name":"ONGROUP","description":"Molds, industrialization and production","potentialAction":[{"@type":"SearchAction","target":{"@type":"EntryPoint","urlTemplate":"https:\/\/ongroup.net\/?s={search_term_string}"},"query-input":{"@type":"PropertyValueSpecification","valueRequired":true,"valueName":"search_term_string"}}],"inLanguage":"fr-FR"}]}},"_links":{"self":[{"href":"https:\/\/ongroup.net\/fr\/wp-json\/wp\/v2\/pages\/1679","targetHints":{"allow":["GET"]}}],"collection":[{"href":"https:\/\/ongroup.net\/fr\/wp-json\/wp\/v2\/pages"}],"about":[{"href":"https:\/\/ongroup.net\/fr\/wp-json\/wp\/v2\/types\/page"}],"author":[{"embeddable":true,"href":"https:\/\/ongroup.net\/fr\/wp-json\/wp\/v2\/users\/4"}],"replies":[{"embeddable":true,"href":"https:\/\/ongroup.net\/fr\/wp-json\/wp\/v2\/comments?post=1679"}],"version-history":[{"count":4,"href":"https:\/\/ongroup.net\/fr\/wp-json\/wp\/v2\/pages\/1679\/revisions"}],"predecessor-version":[{"id":1760,"href":"https:\/\/ongroup.net\/fr\/wp-json\/wp\/v2\/pages\/1679\/revisions\/1760"}],"wp:attachment":[{"href":"https:\/\/ongroup.net\/fr\/wp-json\/wp\/v2\/media?parent=1679"}],"curies":[{"name":"wp","href":"https:\/\/api.w.org\/{rel}","templated":true}]}}