{"id":1682,"date":"2023-11-07T08:32:28","date_gmt":"2023-11-07T08:32:28","guid":{"rendered":"https:\/\/ongroup.net\/?page_id=1682"},"modified":"2023-11-07T08:32:28","modified_gmt":"2023-11-07T08:32:28","slug":"cookies-policy","status":"publish","type":"page","link":"https:\/\/ongroup.net\/fr\/cookies-policy\/","title":{"rendered":"cookies policy"},"content":{"rendered":"<div class=\"flex_column av_one_full  flex_column_div av-zero-column-padding first\" style='border-radius:0px; '><section class=\"av_textblock_section\"  itemscope=\"itemscope\" itemtype=\"https:\/\/schema.org\/CreativeWork\" ><div class='avia_textblock'   itemprop=\"text\" ><h1 style=\"text-align: center;\">Politique en mati\u00e8re de cookies<\/h1>\n<h2>Qu'est-ce qu'un cookie ?<\/h2>\n<p>Lorsque vous utilisez le <a href=\"https:\/\/ongroup.net\/fr\/\">https:\/\/ongroup.net\/<\/a> ON GROUP est susceptible de d\u00e9poser sur votre terminal (ordinateur, tablette, etc.) un fichier appel\u00e9 \u00ab cookie \u00bb. Pendant sa dur\u00e9e de conservation, ce fichier permet d'identifier votre ordinateur lors de vos prochaines visites. Ainsi, \u00e0 chaque visite sur le site, les donn\u00e9es de votre pr\u00e9c\u00e9dente visite sont conserv\u00e9es.<br \/>\nLes cookies ont pour but de rendre votre navigation plus fluide et de vous permettre de b\u00e9n\u00e9ficier de certaines fonctionnalit\u00e9s de notre site. Les cookies stock\u00e9s par nous ou par des tiers lorsque vous visitez <a href=\"https:\/\/ongroup.net\/fr\/\">https:\/\/ongroup.net\/<\/a> ne vous reconnaissent pas personnellement en tant qu'individu ; ils reconnaissent uniquement l'appareil que vous utilisez. Les cookies ne causent aucun dommage \u00e0 votre appareil.<\/p>\n<p>Chez ON GROUP , notre objectif est de vous faire gagner du temps en facilitant votre navigation sur Internet. En effet, un site qui n'utilise pas de cookies ne peut pas conserver vos donn\u00e9es, qui devraient \u00eatre redemand\u00e9es \u00e0 chaque visite !<\/p>\n<h2>\u00c0 quoi servent ces cookies ?<\/h2>\n<p>Il existe diff\u00e9rents types de cookies sur notre site, pour diff\u00e9rentes raisons :<br \/>\n- Vous identifier lorsque vous vous connectez \u00e0 notre site. Cela nous permet de ne pas vous demander votre login et votre mot de passe \u00e0 chaque commande, ou de vous rappeler les choix que vous avez faits sur notre site (par exemple, vos pr\u00e9f\u00e9rences d'affichage sur la page de r\u00e9sultats) ou de personnaliser le contenu de notre site (vous rappeler les derniers produits consult\u00e9s, vous proposer une s\u00e9lection personnalis\u00e9e de produits, etc,)<br \/>\n- Gardez une trace des produits dans votre panier d'achat,<br \/>\n- Pr\u00e9venir les activit\u00e9s frauduleuses,<br \/>\n- Am\u00e9liorer la s\u00e9curit\u00e9,<br \/>\n- Effectuer des recherches et des diagnostics afin d'am\u00e9liorer le contenu, les produits et les services d'ON GROUP (par exemple, am\u00e9liorer l'ergonomie du site en nous indiquant les pages de notre site en erreur, le temps pass\u00e9 sur certaines pages, etc.)<\/p>\n<h2>G\u00e9rer mes cookies ?<\/h2>\n<p>Si vous \u00eates r\u00e9ticent \u00e0 l'utilisation des cookies, vous pouvez les g\u00e9rer et les contr\u00f4ler \u00e0 tout moment via votre navigateur, ou les supprimer de votre \u00ab historique de navigation \u00bb (cache) lorsque vous quittez le site.<br \/>\nTous les navigateurs web vous permettent de limiter le comportement des cookies ou de les d\u00e9sactiver dans les param\u00e8tres ou les options du navigateur.<\/p>\n<\/div><\/section><\/div>","protected":false},"excerpt":{"rendered":"","protected":false},"author":4,"featured_media":0,"parent":0,"menu_order":0,"comment_status":"closed","ping_status":"closed","template":"","meta":{"footnotes":""},"class_list":["post-1682","page","type-page","status-publish","hentry"],"yoast_head":"<!-- This site is optimized with the Yoast SEO plugin v27.3 - https:\/\/yoast.com\/product\/yoast-seo-wordpress\/ -->\n<title>cookies policy - ONGROUP<\/title>\n<meta name=\"robots\" content=\"index, follow, max-snippet:-1, max-image-preview:large, max-video-preview:-1\" \/>\n<link rel=\"canonical\" href=\"https:\/\/ongroup.net\/fr\/cookies-policy\/\" \/>\n<meta property=\"og:locale\" content=\"fr_FR\" \/>\n<meta property=\"og:type\" content=\"article\" \/>\n<meta property=\"og:title\" content=\"cookies policy - ONGROUP\" \/>\n<meta property=\"og:url\" content=\"https:\/\/ongroup.net\/fr\/cookies-policy\/\" \/>\n<meta property=\"og:site_name\" content=\"ONGROUP\" \/>\n<meta name=\"twitter:card\" content=\"summary_large_image\" \/>\n<meta name=\"twitter:label1\" content=\"Dur\u00e9e de lecture estim\u00e9e\" \/>\n\t<meta name=\"twitter:data1\" content=\"3 minutes\" \/>\n<script type=\"application\/ld+json\" class=\"yoast-schema-graph\">{\"@context\":\"https:\\\/\\\/schema.org\",\"@graph\":[{\"@type\":\"WebPage\",\"@id\":\"https:\\\/\\\/ongroup.net\\\/cookies-policy\\\/\",\"url\":\"https:\\\/\\\/ongroup.net\\\/cookies-policy\\\/\",\"name\":\"cookies policy - ONGROUP\",\"isPartOf\":{\"@id\":\"https:\\\/\\\/ongroup.net\\\/#website\"},\"datePublished\":\"2023-11-07T08:32:28+00:00\",\"breadcrumb\":{\"@id\":\"https:\\\/\\\/ongroup.net\\\/cookies-policy\\\/#breadcrumb\"},\"inLanguage\":\"fr-FR\",\"potentialAction\":[{\"@type\":\"ReadAction\",\"target\":[\"https:\\\/\\\/ongroup.net\\\/cookies-policy\\\/\"]}]},{\"@type\":\"BreadcrumbList\",\"@id\":\"https:\\\/\\\/ongroup.net\\\/cookies-policy\\\/#breadcrumb\",\"itemListElement\":[{\"@type\":\"ListItem\",\"position\":1,\"name\":\"Home\",\"item\":\"https:\\\/\\\/ongroup.net\\\/home\\\/\"},{\"@type\":\"ListItem\",\"position\":2,\"name\":\"cookies policy\"}]},{\"@type\":\"WebSite\",\"@id\":\"https:\\\/\\\/ongroup.net\\\/#website\",\"url\":\"https:\\\/\\\/ongroup.net\\\/\",\"name\":\"ONGROUP\",\"description\":\"Molds, industrialization and production\",\"potentialAction\":[{\"@type\":\"SearchAction\",\"target\":{\"@type\":\"EntryPoint\",\"urlTemplate\":\"https:\\\/\\\/ongroup.net\\\/?s={search_term_string}\"},\"query-input\":{\"@type\":\"PropertyValueSpecification\",\"valueRequired\":true,\"valueName\":\"search_term_string\"}}],\"inLanguage\":\"fr-FR\"}]}<\/script>\n<!-- \/ Yoast SEO plugin. -->","yoast_head_json":{"title":"cookies policy - ONGROUP","robots":{"index":"index","follow":"follow","max-snippet":"max-snippet:-1","max-image-preview":"max-image-preview:large","max-video-preview":"max-video-preview:-1"},"canonical":"https:\/\/ongroup.net\/fr\/cookies-policy\/","og_locale":"fr_FR","og_type":"article","og_title":"cookies policy - ONGROUP","og_url":"https:\/\/ongroup.net\/fr\/cookies-policy\/","og_site_name":"ONGROUP","twitter_card":"summary_large_image","twitter_misc":{"Dur\u00e9e de lecture estim\u00e9e":"3 minutes"},"schema":{"@context":"https:\/\/schema.org","@graph":[{"@type":"WebPage","@id":"https:\/\/ongroup.net\/cookies-policy\/","url":"https:\/\/ongroup.net\/cookies-policy\/","name":"cookies policy - ONGROUP","isPartOf":{"@id":"https:\/\/ongroup.net\/#website"},"datePublished":"2023-11-07T08:32:28+00:00","breadcrumb":{"@id":"https:\/\/ongroup.net\/cookies-policy\/#breadcrumb"},"inLanguage":"fr-FR","potentialAction":[{"@type":"ReadAction","target":["https:\/\/ongroup.net\/cookies-policy\/"]}]},{"@type":"BreadcrumbList","@id":"https:\/\/ongroup.net\/cookies-policy\/#breadcrumb","itemListElement":[{"@type":"ListItem","position":1,"name":"Home","item":"https:\/\/ongroup.net\/home\/"},{"@type":"ListItem","position":2,"name":"cookies policy"}]},{"@type":"WebSite","@id":"https:\/\/ongroup.net\/#website","url":"https:\/\/ongroup.net\/","name":"ONGROUP","description":"Molds, industrialization and production","potentialAction":[{"@type":"SearchAction","target":{"@type":"EntryPoint","urlTemplate":"https:\/\/ongroup.net\/?s={search_term_string}"},"query-input":{"@type":"PropertyValueSpecification","valueRequired":true,"valueName":"search_term_string"}}],"inLanguage":"fr-FR"}]}},"_links":{"self":[{"href":"https:\/\/ongroup.net\/fr\/wp-json\/wp\/v2\/pages\/1682","targetHints":{"allow":["GET"]}}],"collection":[{"href":"https:\/\/ongroup.net\/fr\/wp-json\/wp\/v2\/pages"}],"about":[{"href":"https:\/\/ongroup.net\/fr\/wp-json\/wp\/v2\/types\/page"}],"author":[{"embeddable":true,"href":"https:\/\/ongroup.net\/fr\/wp-json\/wp\/v2\/users\/4"}],"replies":[{"embeddable":true,"href":"https:\/\/ongroup.net\/fr\/wp-json\/wp\/v2\/comments?post=1682"}],"version-history":[{"count":4,"href":"https:\/\/ongroup.net\/fr\/wp-json\/wp\/v2\/pages\/1682\/revisions"}],"predecessor-version":[{"id":1762,"href":"https:\/\/ongroup.net\/fr\/wp-json\/wp\/v2\/pages\/1682\/revisions\/1762"}],"wp:attachment":[{"href":"https:\/\/ongroup.net\/fr\/wp-json\/wp\/v2\/media?parent=1682"}],"curies":[{"name":"wp","href":"https:\/\/api.w.org\/{rel}","templated":true}]}}