{"id":1756,"date":"2023-11-07T08:25:33","date_gmt":"2023-11-07T08:25:33","guid":{"rendered":"https:\/\/ongroup.net\/?page_id=1756"},"modified":"2023-11-07T08:25:33","modified_gmt":"2023-11-07T08:25:33","slug":"legal-notice","status":"publish","type":"page","link":"https:\/\/ongroup.net\/fr\/legal-notice\/","title":{"rendered":"Mentions l\u00e9gales"},"content":{"rendered":"<div class=\"flex_column av_one_full  flex_column_div av-zero-column-padding first\" style='border-radius:0px; '><section class=\"av_textblock_section\"  itemscope=\"itemscope\" itemtype=\"https:\/\/schema.org\/CreativeWork\" ><div class='avia_textblock'   itemprop=\"text\" ><h1 id=\"tw-target-text\" class=\"tw-data-text tw-text-large tw-ta\" dir=\"ltr\" style=\"text-align: center;\" data-placeholder=\"Traduction\" data-ved=\"2ahUKEwjz5v7burGCAxWVUKQEHUKUBe0Q3ewLegQIBRAQ\"><span class=\"Y2IQFc\" lang=\"en\">Mentions l\u00e9gales<\/span><\/h1>\n<p><strong>Identit\u00e9 du propri\u00e9taire du site<\/strong><\/p>\n<ul>\n<li>SAS ON Group<\/li>\n<li>Route de Paris \u2013 21530 LA ROCHE-EN-BRENIL<\/li>\n<li>Capital social de 11\u00a0400,00 euros<\/li>\n<li>Num\u00e9ro d\u2019inscription au registre du commerce et des soci\u00e9t\u00e9s de Dijon \u00a0837\u00a0547\u00a0207<\/li>\n<li>Num\u00e9ro de t\u00e9l\u00e9phone\u00a0: <a href=\"tel:+33380647 86\">03 80 64 71 86<\/a><\/li>\n<li><a href=\"mailto:info@onlimited.net\">info@onlimited.net<\/a><\/li>\n<\/ul>\n<p><strong>Identit\u00e9 du responsable de publication \/ webmaster<\/strong><\/p>\n<ul>\n<li>ON Group<\/li>\n<\/ul>\n<ul>\n<li>Adresse e-mail\u00a0:\u00a0<a href=\"mailto:info@onlimited.net\">info@onlimited.net<\/a><\/li>\n<\/ul>\n<p><strong>Identit\u00e9 de l\u2019h\u00e9bergeur du site<\/strong><\/p>\n<ul>\n<li>Nocti<\/li>\n<li>Site web\u00a0: <a href=\"https:\/\/www.nocti.cn\/\">https:\/\/www.nocti.cn\/<\/a><\/li>\n<\/ul>\n<\/div><\/section><\/div>","protected":false},"excerpt":{"rendered":"","protected":false},"author":4,"featured_media":0,"parent":0,"menu_order":0,"comment_status":"closed","ping_status":"closed","template":"","meta":{"footnotes":""},"class_list":["post-1756","page","type-page","status-publish","hentry"],"yoast_head":"<!-- This site is optimized with the Yoast SEO plugin v27.3 - https:\/\/yoast.com\/product\/yoast-seo-wordpress\/ -->\n<title>Legal Notice - ONGROUP<\/title>\n<meta name=\"robots\" content=\"index, follow, max-snippet:-1, max-image-preview:large, max-video-preview:-1\" \/>\n<link rel=\"canonical\" href=\"https:\/\/ongroup.net\/fr\/legal-notice\/\" \/>\n<meta property=\"og:locale\" content=\"fr_FR\" \/>\n<meta property=\"og:type\" content=\"article\" \/>\n<meta property=\"og:title\" content=\"Legal Notice - ONGROUP\" \/>\n<meta property=\"og:url\" content=\"https:\/\/ongroup.net\/fr\/legal-notice\/\" \/>\n<meta property=\"og:site_name\" content=\"ONGROUP\" \/>\n<meta name=\"twitter:card\" content=\"summary_large_image\" \/>\n<script type=\"application\/ld+json\" class=\"yoast-schema-graph\">{\"@context\":\"https:\\\/\\\/schema.org\",\"@graph\":[{\"@type\":\"WebPage\",\"@id\":\"https:\\\/\\\/ongroup.net\\\/legal-notice\\\/\",\"url\":\"https:\\\/\\\/ongroup.net\\\/legal-notice\\\/\",\"name\":\"Legal Notice - ONGROUP\",\"isPartOf\":{\"@id\":\"https:\\\/\\\/ongroup.net\\\/#website\"},\"datePublished\":\"2023-11-07T08:25:33+00:00\",\"breadcrumb\":{\"@id\":\"https:\\\/\\\/ongroup.net\\\/legal-notice\\\/#breadcrumb\"},\"inLanguage\":\"fr-FR\",\"potentialAction\":[{\"@type\":\"ReadAction\",\"target\":[\"https:\\\/\\\/ongroup.net\\\/legal-notice\\\/\"]}]},{\"@type\":\"BreadcrumbList\",\"@id\":\"https:\\\/\\\/ongroup.net\\\/legal-notice\\\/#breadcrumb\",\"itemListElement\":[{\"@type\":\"ListItem\",\"position\":1,\"name\":\"Home\",\"item\":\"https:\\\/\\\/ongroup.net\\\/home\\\/\"},{\"@type\":\"ListItem\",\"position\":2,\"name\":\"Legal Notice\"}]},{\"@type\":\"WebSite\",\"@id\":\"https:\\\/\\\/ongroup.net\\\/#website\",\"url\":\"https:\\\/\\\/ongroup.net\\\/\",\"name\":\"ONGROUP\",\"description\":\"Molds, industrialization and production\",\"potentialAction\":[{\"@type\":\"SearchAction\",\"target\":{\"@type\":\"EntryPoint\",\"urlTemplate\":\"https:\\\/\\\/ongroup.net\\\/?s={search_term_string}\"},\"query-input\":{\"@type\":\"PropertyValueSpecification\",\"valueRequired\":true,\"valueName\":\"search_term_string\"}}],\"inLanguage\":\"fr-FR\"}]}<\/script>\n<!-- \/ Yoast SEO plugin. -->","yoast_head_json":{"title":"Legal Notice - ONGROUP","robots":{"index":"index","follow":"follow","max-snippet":"max-snippet:-1","max-image-preview":"max-image-preview:large","max-video-preview":"max-video-preview:-1"},"canonical":"https:\/\/ongroup.net\/fr\/legal-notice\/","og_locale":"fr_FR","og_type":"article","og_title":"Legal Notice - ONGROUP","og_url":"https:\/\/ongroup.net\/fr\/legal-notice\/","og_site_name":"ONGROUP","twitter_card":"summary_large_image","schema":{"@context":"https:\/\/schema.org","@graph":[{"@type":"WebPage","@id":"https:\/\/ongroup.net\/legal-notice\/","url":"https:\/\/ongroup.net\/legal-notice\/","name":"Legal Notice - ONGROUP","isPartOf":{"@id":"https:\/\/ongroup.net\/#website"},"datePublished":"2023-11-07T08:25:33+00:00","breadcrumb":{"@id":"https:\/\/ongroup.net\/legal-notice\/#breadcrumb"},"inLanguage":"fr-FR","potentialAction":[{"@type":"ReadAction","target":["https:\/\/ongroup.net\/legal-notice\/"]}]},{"@type":"BreadcrumbList","@id":"https:\/\/ongroup.net\/legal-notice\/#breadcrumb","itemListElement":[{"@type":"ListItem","position":1,"name":"Home","item":"https:\/\/ongroup.net\/home\/"},{"@type":"ListItem","position":2,"name":"Legal Notice"}]},{"@type":"WebSite","@id":"https:\/\/ongroup.net\/#website","url":"https:\/\/ongroup.net\/","name":"ONGROUP","description":"Molds, industrialization and production","potentialAction":[{"@type":"SearchAction","target":{"@type":"EntryPoint","urlTemplate":"https:\/\/ongroup.net\/?s={search_term_string}"},"query-input":{"@type":"PropertyValueSpecification","valueRequired":true,"valueName":"search_term_string"}}],"inLanguage":"fr-FR"}]}},"_links":{"self":[{"href":"https:\/\/ongroup.net\/fr\/wp-json\/wp\/v2\/pages\/1756","targetHints":{"allow":["GET"]}}],"collection":[{"href":"https:\/\/ongroup.net\/fr\/wp-json\/wp\/v2\/pages"}],"about":[{"href":"https:\/\/ongroup.net\/fr\/wp-json\/wp\/v2\/types\/page"}],"author":[{"embeddable":true,"href":"https:\/\/ongroup.net\/fr\/wp-json\/wp\/v2\/users\/4"}],"replies":[{"embeddable":true,"href":"https:\/\/ongroup.net\/fr\/wp-json\/wp\/v2\/comments?post=1756"}],"version-history":[{"count":3,"href":"https:\/\/ongroup.net\/fr\/wp-json\/wp\/v2\/pages\/1756\/revisions"}],"predecessor-version":[{"id":1759,"href":"https:\/\/ongroup.net\/fr\/wp-json\/wp\/v2\/pages\/1756\/revisions\/1759"}],"wp:attachment":[{"href":"https:\/\/ongroup.net\/fr\/wp-json\/wp\/v2\/media?parent=1756"}],"curies":[{"name":"wp","href":"https:\/\/api.w.org\/{rel}","templated":true}]}}