{"id":1817,"date":"2024-06-12T15:05:29","date_gmt":"2024-06-12T15:05:29","guid":{"rendered":"https:\/\/ongroup.net\/?page_id=1817"},"modified":"2024-09-06T07:20:15","modified_gmt":"2024-09-06T07:20:15","slug":"on-china","status":"publish","type":"page","link":"https:\/\/ongroup.net\/fr\/on-china\/","title":{"rendered":"ON China"},"content":{"rendered":"<\/div><\/div><\/div><!-- close content main div --><\/div><\/div><div id='full_slider_1' class='avia-fullwidth-slider main_color avia-shadow   container_wrap fullsize'   ><div  data-size='no scaling'  data-lightbox_size='large'  data-animation='slide'  data-conditional_play=''  data-ids='1941'  data-video_counter='0'  data-autoplay='false'  data-bg_slider='false'  data-slide_height=''  data-handle='av_slideshow_full'  data-interval='5'  data-class=' image_no_stretch'  data-css_id=''  data-scroll_down=''  data-control_layout='av-control-default'  data-custom_markup=''  data-perma_caption=''  data-autoplay_stopper=''  data-image_attachment=''  data-min_height='0px'  data-src=''  data-position='top left'  data-repeat='no-repeat'  data-attach='scroll'  data-stretch='image_no_stretch'  class='avia-slideshow avia-slideshow-1  av-control-default av-default-height-applied avia-slideshow-no scaling av_slideshow_full  image_no_stretch avia-slide-slider'  itemprop=\"ImageObject\" itemscope=\"itemscope\" itemtype=\"https:\/\/schema.org\/ImageObject\" ><ul class='avia-slideshow-inner' style='padding-bottom: 56.25%;' ><li  class='av-single-slide slide-1' ><div data-rel='slideshow-1' class='avia-slide-wrap'   ><img src='https:\/\/ongroup.net\/wp-content\/uploads\/2024\/08\/1714125070361.jpg' width='800' height='450' title='1714125070361' alt=''  itemprop=\"thumbnailUrl\"   \/><\/div><\/li><\/ul><\/div><\/div>\n<\/div><\/div><\/div><!-- close content main div --><\/div><\/div><div id='av-layout-grid-1' class='av-layout-grid-container entry-content-wrapper main_color av-flex-cells    container_wrap fullsize'   >\n<div class=\"flex_cell no_margin av_one_full\" style='background: #ffffff; vertical-align:top; padding:2% 5% 2% 5% ; background-color:#ffffff; '><div class='flex_cell_inner' ><p><div class=\"flex_column av_one_fifth  no_margin flex_column_div av-zero-column-padding first\" style='border-radius:0px; '><\/div><div class=\"flex_column av_three_fifth  no_margin flex_column_div av-zero-column-padding\" style='border-radius:0px; '><p><div style='padding-bottom:10px; margin:0px 0px 0px 0px; font-size:40px;' class='av-special-heading av-special-heading-h2 custom-color-heading blockquote modern-quote modern-centered  av-inherit-size'><h2 class='av-special-heading-tag'  itemprop=\"headline\"  >ON Group a \u00e9t\u00e9 fond\u00e9 en 2006 en Chine sous le nom de ON Limited. <\/h2><div class='special-heading-border'><div class='special-heading-inner-border' ><\/div><\/div><\/div><br \/>\n<section class=\"av_textblock_section\"  itemscope=\"itemscope\" itemtype=\"https:\/\/schema.org\/CreativeWork\" ><div class='avia_textblock'  style='font-size:20px; '  itemprop=\"text\" ><p style=\"text-align: center;\">Notre fondateur, Anthony Riou, a per\u00e7u le besoin d'une entreprise unique offrant un service \u00e0 la client\u00e8le et un soutien in\u00e9gal\u00e9s dans l'industrie de l'injection plastique.<\/p>\n<p style=\"text-align: center;\"><strong style=\"color: inherit;\">Avec nos deux usines en Chine, nous offrons des solutions cl\u00e9s en main pour vos projets.<\/strong><\/p>\n<\/div><\/section><\/p><\/div><div class=\"flex_column av_one_fifth  no_margin flex_column_div av-zero-column-padding\" style='border-radius:0px; '><\/div><\/p>\n<\/div><\/div>\n<\/div>\n<\/div><\/div><\/div><!-- close content main div --><\/div><\/div><div id='av-layout-grid-2' class='av-layout-grid-container entry-content-wrapper main_color av-flex-cells    container_wrap fullsize'   >\n<div class=\"flex_cell no_margin av_one_half\" style='vertical-align:middle; padding:5% 5% 5% 5% ; '><div class='flex_cell_inner' ><p><div style='padding-bottom:10px; margin:0px 0px 0px 0px; font-size:40px;' class='av-special-heading av-special-heading-h2 custom-color-heading blockquote modern-quote modern-centered   av-inherit-size'><h2 class='av-special-heading-tag'  itemprop=\"headline\"  >Secteur de l'outillage avec :<\/h2><div class='special-heading-border'><div class='special-heading-inner-border' ><\/div><\/div><\/div><br \/>\n<section class=\"av_textblock_section\"  itemscope=\"itemscope\" itemtype=\"https:\/\/schema.org\/CreativeWork\" ><div class='avia_textblock'  style='font-size:20px; '  itemprop=\"text\" ><p style=\"text-align: center;\" class=\"translation-block\">- Usinage 3 et 5 axes de grande capacit\u00e9<br>\n- Modifications, maintenance et mise au point<br>\n- Tests de moules sur presses \u00e0 injecter<br>\n- Injection, drapage et emboutissage<br>\n- Services d'usinage sur mesure<br>\n- SMC<\/p>\n<\/div><\/section><\/p>\n<\/div><\/div><div class=\"flex_cell no_margin av_one_half   av-zero-padding\" style='vertical-align:top; padding:0px; '><div class='flex_cell_inner' ><div class='avia-image-container  av-styling-    avia-align-center'  itemprop=\"ImageObject\" itemscope=\"itemscope\" itemtype=\"https:\/\/schema.org\/ImageObject\"  ><div class='avia-image-container-inner'><div class='avia-image-overlay-wrap'><img class='avia_image' src='https:\/\/ongroup.net\/wp-content\/uploads\/2024\/06\/on-china-1.jpg' alt='' title='on-china-1' height=\"546\"width=\"960\"  itemprop=\"thumbnailUrl\"  \/><\/div><\/div><\/div>\n<\/div><\/div>\n<\/div>\n<\/div><\/div><\/div><!-- close content main div --><\/div><\/div><div id='av-layout-grid-3' class='av-layout-grid-container entry-content-wrapper main_color av-flex-cells    container_wrap fullsize'   >\n<div class=\"flex_cell no_margin av_one_half   av-zero-padding\" style='vertical-align:top; padding:0px; '><div class='flex_cell_inner' ><div class='avia-image-container  av-styling-    avia-align-center'  itemprop=\"ImageObject\" itemscope=\"itemscope\" itemtype=\"https:\/\/schema.org\/ImageObject\"  ><div class='avia-image-container-inner'><div class='avia-image-overlay-wrap'><img class='avia_image' src='https:\/\/ongroup.net\/wp-content\/uploads\/2024\/06\/on-china-2.jpg' alt='' title='on-china-2' height=\"546\"width=\"960\"  itemprop=\"thumbnailUrl\"  \/><\/div><\/div><\/div>\n<\/div><\/div><div class=\"flex_cell no_margin av_one_half\" style='vertical-align:middle; padding:5%; '><div class='flex_cell_inner' ><div style='padding-bottom:10px; margin:0px 0px 0px 0px; font-size:40px;' class='av-special-heading av-special-heading-h2 custom-color-heading blockquote modern-quote modern-centered  av-inherit-size'><h2 class='av-special-heading-tag'  itemprop=\"headline\"  >Injection 120T<\/h2><div class='special-heading-border'><div class='special-heading-inner-border' ><\/div><\/div><\/div>\n<\/div><\/div>\n<\/div>\n<\/div><\/div><\/div><!-- close content main div --><\/div><\/div><div id='av-layout-grid-4' class='av-layout-grid-container entry-content-wrapper main_color av-flex-cells    container_wrap fullsize'   >\n<div class=\"flex_cell no_margin av_one_half\" style='vertical-align:middle; padding:5%; '><div class='flex_cell_inner' ><div style='padding-bottom:10px; margin:0px 0px 0px 0px; font-size:40px;' class='av-special-heading av-special-heading-h2 custom-color-heading blockquote modern-quote modern-centered  av-inherit-size'><h2 class='av-special-heading-tag'  itemprop=\"headline\"  >Injection 160T\/260T<\/h2><div class='special-heading-border'><div class='special-heading-inner-border' ><\/div><\/div><\/div>\n<\/div><\/div><div class=\"flex_cell no_margin av_one_half   av-zero-padding\" style='vertical-align:top; padding:0px; '><div class='flex_cell_inner' ><div class='avia-image-container  av-styling-    avia-align-center'  itemprop=\"ImageObject\" itemscope=\"itemscope\" itemtype=\"https:\/\/schema.org\/ImageObject\"  ><div class='avia-image-container-inner'><div class='avia-image-overlay-wrap'><img class='avia_image' src='https:\/\/ongroup.net\/wp-content\/uploads\/2024\/06\/on-china-3.jpg' alt='' title='on-china-3' height=\"546\"width=\"960\"  itemprop=\"thumbnailUrl\"  \/><\/div><\/div><\/div>\n<\/div><\/div>\n<\/div>\n<\/div><\/div><\/div><!-- close content main div --><\/div><\/div><div id='av-layout-grid-5' class='av-layout-grid-container entry-content-wrapper main_color av-flex-cells    container_wrap fullsize'   >\n<div class=\"flex_cell no_margin av_one_half   av-zero-padding\" style='vertical-align:top; padding:0px; '><div class='flex_cell_inner' ><div class='avia-image-container  av-styling-    avia-align-center'  itemprop=\"ImageObject\" itemscope=\"itemscope\" itemtype=\"https:\/\/schema.org\/ImageObject\"  ><div class='avia-image-container-inner'><div class='avia-image-overlay-wrap'><img class='avia_image' src='https:\/\/ongroup.net\/wp-content\/uploads\/2024\/06\/on-china-4.jpg' alt='' title='on-china-4' height=\"546\"width=\"960\"  itemprop=\"thumbnailUrl\"  \/><\/div><\/div><\/div>\n<\/div><\/div><div class=\"flex_cell no_margin av_one_half\" style='vertical-align:middle; padding:5%; '><div class='flex_cell_inner' ><div style='padding-bottom:10px; margin:0px 0px 0px 0px; font-size:40px;' class='av-special-heading av-special-heading-h2 custom-color-heading blockquote modern-quote modern-centered  av-inherit-size'><h2 class='av-special-heading-tag'  itemprop=\"headline\"  >Injection 450T<\/h2><div class='special-heading-border'><div class='special-heading-inner-border' ><\/div><\/div><\/div>\n<\/div><\/div>\n<\/div>\n<\/div><\/div><\/div><!-- close content main div --><\/div><\/div><div id='av-layout-grid-6' class='av-layout-grid-container entry-content-wrapper main_color av-flex-cells    container_wrap fullsize'   >\n<div class=\"flex_cell no_margin av_one_half\" style='vertical-align:middle; padding:5%; '><div class='flex_cell_inner' ><div style='padding-bottom:10px; margin:0px 0px 0px 0px; font-size:40px;' class='av-special-heading av-special-heading-h2 custom-color-heading blockquote modern-quote modern-centered  av-inherit-size'><h2 class='av-special-heading-tag'  itemprop=\"headline\"  >Robot 3\/5 axe<\/h2><div class='special-heading-border'><div class='special-heading-inner-border' ><\/div><\/div><\/div>\n<\/div><\/div><div class=\"flex_cell no_margin av_one_half   av-zero-padding\" style='vertical-align:top; padding:0px; '><div class='flex_cell_inner' ><div class='avia-image-container  av-styling-    avia-align-center'  itemprop=\"ImageObject\" itemscope=\"itemscope\" itemtype=\"https:\/\/schema.org\/ImageObject\"  ><div class='avia-image-container-inner'><div class='avia-image-overlay-wrap'><img class='avia_image' src='https:\/\/ongroup.net\/wp-content\/uploads\/2024\/06\/on-china-5.jpg' alt='' title='on-china-5' height=\"546\"width=\"960\"  itemprop=\"thumbnailUrl\"  \/><\/div><\/div><\/div>\n<\/div><\/div>\n<\/div>\n<\/div><\/div><\/div><!-- close content main div --><\/div><\/div><div id='av-layout-grid-7' class='av-layout-grid-container entry-content-wrapper main_color av-flex-cells    container_wrap fullsize'   >\n<div class=\"flex_cell no_margin av_one_half   av-zero-padding\" style='vertical-align:top; padding:0px; '><div class='flex_cell_inner' ><div class='avia-image-container  av-styling-    avia-align-center'  itemprop=\"ImageObject\" itemscope=\"itemscope\" itemtype=\"https:\/\/schema.org\/ImageObject\"  ><div class='avia-image-container-inner'><div class='avia-image-overlay-wrap'><img class='avia_image' src='https:\/\/ongroup.net\/wp-content\/uploads\/2024\/06\/on-china-6.jpg' alt='' title='on-china-6' height=\"546\"width=\"960\"  itemprop=\"thumbnailUrl\"  \/><\/div><\/div><\/div>\n<\/div><\/div><div class=\"flex_cell no_margin av_one_half\" style='vertical-align:middle; padding:5%; '><div class='flex_cell_inner' ><div style='padding-bottom:10px; margin:0px 0px 0px 0px; font-size:40px;' class='av-special-heading av-special-heading-h2 custom-color-heading blockquote modern-quote modern-centered  av-inherit-size'><h2 class='av-special-heading-tag'  itemprop=\"headline\"  >Vertical 75 T Injection Machine<\/h2><div class='special-heading-border'><div class='special-heading-inner-border' ><\/div><\/div><\/div>\n<\/div><\/div>\n<\/div>\n<\/div><\/div><\/div><!-- close content main div --><\/div><\/div><div id='av-layout-grid-8' class='av-layout-grid-container entry-content-wrapper main_color av-flex-cells    container_wrap fullsize'   >\n<div class=\"flex_cell no_margin av_one_half\" style='vertical-align:middle; padding:5%; '><div class='flex_cell_inner' ><div style='padding-bottom:10px; margin:0px 0px 0px 0px; font-size:40px;' class='av-special-heading av-special-heading-h2 custom-color-heading blockquote modern-quote modern-centered  av-inherit-size'><h2 class='av-special-heading-tag'  itemprop=\"headline\"  >Double Crane 5T\/10T<\/h2><div class='special-heading-border'><div class='special-heading-inner-border' ><\/div><\/div><\/div>\n<\/div><\/div><div class=\"flex_cell no_margin av_one_half   av-zero-padding\" style='vertical-align:top; padding:0px; '><div class='flex_cell_inner' ><div class='avia-image-container  av-styling-    avia-align-center'  itemprop=\"ImageObject\" itemscope=\"itemscope\" itemtype=\"https:\/\/schema.org\/ImageObject\"  ><div class='avia-image-container-inner'><div class='avia-image-overlay-wrap'><img class='avia_image' src='https:\/\/ongroup.net\/wp-content\/uploads\/2024\/06\/on-china-7.jpg' alt='' title='on-china-7' height=\"546\"width=\"960\"  itemprop=\"thumbnailUrl\"  \/><\/div><\/div><\/div>\n<\/div><\/div>\n<\/div>\n<\/div><\/div><\/div><!-- close content main div --><\/div><\/div><div id='av-layout-grid-9' class='av-layout-grid-container entry-content-wrapper main_color av-flex-cells    container_wrap fullsize'   >\n<div class=\"flex_cell no_margin av_one_full\" style='background: #ffffff; vertical-align:top; padding:30px 15% 30px 15% ; background-color:#ffffff; '><div class='flex_cell_inner' ><p><div style='padding-bottom:10px; margin:50px 0 50px 0px; font-size:40px;' class='av-special-heading av-special-heading-h2 custom-color-heading blockquote modern-quote modern-centered   av-inherit-size'><h2 class='av-special-heading-tag'  itemprop=\"headline\"  >Nos r\u00e9alisations<\/h2><div class='special-heading-border'><div class='special-heading-inner-border' ><\/div><\/div><\/div><br \/>\n<div class='flex_column_table av-equal-height-column-flextable -flextable' ><div class=\"flex_column av_one_third  flex_column_table_cell av-equal-height-column av-align-middle av-zero-column-padding first\" style='border-width:3px; border-color:#eaeaea; border-style:solid; border-radius:8; '><div class='avia-image-container  av-styling-no-styling    avia-align-center'  itemprop=\"ImageObject\" itemscope=\"itemscope\" itemtype=\"https:\/\/schema.org\/ImageObject\"  ><div class='avia-image-container-inner'><div class='avia-image-overlay-wrap'><img class='avia_image' src='https:\/\/ongroup.net\/wp-content\/uploads\/2024\/09\/BMW-845x684.jpg' alt='M Square 2' title='' height=\"684\"width=\"845\"  itemprop=\"thumbnailUrl\"  \/><\/div><\/div><\/div><\/div><\/div><!--close column table wrapper. Autoclose: 1 --><div class='flex_column_table av-equal-height-column-flextable -flextable' ><div class='av-flex-placeholder'><\/div><div class=\"flex_column av_one_third  flex_column_table_cell av-equal-height-column av-align-middle av-zero-column-padding\" style='border-width:3px; border-color:#eaeaea; border-style:solid; border-radius:8; '><div class='avia-image-container  av-styling-no-styling    avia-align-center'  itemprop=\"ImageObject\" itemscope=\"itemscope\" itemtype=\"https:\/\/schema.org\/ImageObject\"  ><div class='avia-image-container-inner'><div class='avia-image-overlay-wrap'><img class='avia_image' src='https:\/\/ongroup.net\/wp-content\/uploads\/2024\/09\/GARDYN-845x684.png' alt='GARDYN' title='' height=\"684\"width=\"845\"  itemprop=\"thumbnailUrl\"  \/><\/div><\/div><\/div><\/div><\/div><!--close column table wrapper. Autoclose: 1 --><div class='flex_column_table av-equal-height-column-flextable -flextable' ><div class='av-flex-placeholder'><\/div><div class=\"flex_column av_one_third  flex_column_table_cell av-equal-height-column av-align-middle av-zero-column-padding\" style='border-width:3px; border-color:#eaeaea; border-style:solid; border-radius:8; '><div class='avia-image-container  av-styling-no-styling    avia-align-center'  itemprop=\"ImageObject\" itemscope=\"itemscope\" itemtype=\"https:\/\/schema.org\/ImageObject\"  ><div class='avia-image-container-inner'><div class='avia-image-overlay-wrap'><img class='avia_image' src='https:\/\/ongroup.net\/wp-content\/uploads\/2024\/09\/Seoks-845x684.jpg' alt='M Square 2' title='' height=\"684\"width=\"845\"  itemprop=\"thumbnailUrl\"  \/><\/div><\/div><\/div><\/div><\/div><!--close column table wrapper. Autoclose: 1 --><\/p>\n<\/div><\/div><\/div><\/div><\/div><\/div><!-- close content main div --><\/div><\/div><div id='av_section_1' class='avia-section main_color avia-section-default avia-no-border-styling avia-full-stretch av-parallax-section avia-bg-style-parallax   container_wrap fullsize'  data-section-bg-repeat='stretch' ><div class='av-parallax' data-avia-parallax-ratio='0.3' ><div class='av-parallax-inner main_color  avia-full-stretch' style = 'background-repeat: no-repeat; background-image: url(https:\/\/ongroup.net\/wp-content\/uploads\/2020\/01\/Parallax3.jpg);background-attachment: scroll; background-position: top center; ' ><\/div><\/div><div class='container' ><div class='template-page content  av-content-full alpha units'><div class='post-entry post-entry-type-page post-entry-1817'><div class='entry-content-wrapper clearfix'>\n<div class=\"flex_column av_three_fourth  flex_column_div av-zero-column-padding first\" style='border-radius:0px; '><div style='padding-bottom:10px; margin:0px 0px 0px 0px; color:#ffffff;font-size:42px;' class='av-special-heading av-special-heading-h2 custom-color-heading blockquote modern-quote  av-thin-font av-inherit-size'><h2 class='av-special-heading-tag  av-medium-font-size-overwrite av-medium-font-size-35 av-small-font-size-overwrite av-small-font-size-30 av-mini-font-size-overwrite av-mini-font-size-30'  itemprop=\"headline\"  ><strong>Laissez-nous vous fournir un devis pour votre prochain projet.<\/strong><\/h2><div class='special-heading-border'><div class='special-heading-inner-border' style='border-color:#ffffff'><\/div><\/div><\/div><\/div><div class=\"flex_column av_one_fourth  flex_column_div\" style='padding:2% 0px 0px 0px ; border-radius:0px; '><div class='avia-button-wrap avia-button-center'><a href=''  class='avia-button av-icon-on-hover  avia-icon_select-yes-left-icon avia-color-light avia-size-large avia-position-center'   ><span class='avia_button_icon avia_button_icon_left' aria-hidden='true' data-av_icon='\ue80a' data-av_iconfont='entypo-fontello'><\/span><span class='avia_iconbox_title' >Obtenez un devis maintenant<\/span><\/a><\/div><\/div>\n<\/p>\n<\/div><\/div><\/div><!-- close content main div --><\/div><\/div><div id='sign-up' class='avia-section main_color avia-section-default avia-no-border-styling avia-full-stretch av-parallax-section av-section-color-overlay-active avia-bg-style-parallax   container_wrap fullsize'  data-section-bg-repeat='stretch' ><div class='av-parallax' data-avia-parallax-ratio='0.3' ><div class='av-parallax-inner main_color  avia-full-stretch' style = 'background-repeat: no-repeat; background-image: url(https:\/\/ongroup.net\/wp-content\/uploads\/2020\/01\/parallax-2.jpg);background-attachment: scroll; background-position: top center; ' ><\/div><\/div><div class='av-section-color-overlay-wrap'><div class='av-section-color-overlay' style='opacity: 0.7; background-color: #000000; '><\/div><div class='container' ><div class='template-page content  av-content-full alpha units'><div class='post-entry post-entry-type-page post-entry-1817'><div class='entry-content-wrapper clearfix'>\n<div style='padding-bottom:10px; color:#ffffff;font-size:30px;' class='av-special-heading av-special-heading-h3 custom-color-heading blockquote modern-quote modern-centered   av-inherit-size'><h3 class='av-special-heading-tag'  itemprop=\"headline\"  >Vous voulez rester inform\u00e9 ? Abonnez-vous \u00e0 notre bulletin d'information !<\/h3><div class='special-heading-border'><div class='special-heading-inner-border' style='border-color:#ffffff'><\/div><\/div><\/div>\n<div style=' margin-top:30px; margin-bottom:30px;'  class='hr hr-custom hr-center hr-icon-yes'><span class='hr-inner   inner-border-av-border-fat' style=' width:50px; border-color:#ffffff;' ><span class='hr-inner-style'><\/span><\/span><span class='av-seperator-icon' style='color:#ffffff;' aria-hidden='true' data-av_icon='\ue805' data-av_iconfont='entypo-fontello'><\/span><span class='hr-inner   inner-border-av-border-fat' style=' width:50px; border-color:#ffffff;' ><span class='hr-inner-style'><\/span><\/span><\/div>\n<div class=\"flex_column av_one_full  flex_column_div first\" ><form action=\"https:\/\/ongroup.net\/fr\/on-china\/\" method=\"post\"  class=\"avia_ajax_form av-form-labels-hidden   av-custom-form-color av-light-form\" data-avia-form-id=\"1\" data-avia-redirect='' data-trp-original-action=\"https:\/\/ongroup.net\/fr\/on-china\/\"><fieldset><p class='first_form  form_element form_element_third' id='element_avia_1_1'> <input name=\"avia_1_1\" class=\"text_input is_empty\" type=\"text\" id=\"avia_1_1\" value=\"\"  placeholder='Nom'\/><\/p><p class='form_element form_element_third av-last-visible-form-element' id='element_avia_2_1'> <input name=\"avia_2_1\" class=\"text_input is_email\" type=\"text\" id=\"avia_2_1\" value=\"\"  placeholder='E-mail'\/><\/p><p class=\"hidden\"><input type=\"text\" name=\"avia_3_1\" class=\"hidden\" id=\"avia_3_1\" value=\"\" \/><\/p><p class=\"form_element form_element_third modified_width\"><input type=\"hidden\" value=\"1\" name=\"avia_generated_form1\" \/><input type=\"submit\" value=\"Souscrire\" class=\"button\"  data-sending-label=\"Envoi\"\/><\/p><\/fieldset><input type=\"hidden\" name=\"trp-form-language\" value=\"fr\"\/><\/form><div id=\"ajaxresponse_1\" class=\"ajaxresponse ajaxresponse_1 hidden\"><\/div><\/div>","protected":false},"excerpt":{"rendered":"","protected":false},"author":4,"featured_media":0,"parent":0,"menu_order":0,"comment_status":"closed","ping_status":"closed","template":"","meta":{"footnotes":""},"class_list":["post-1817","page","type-page","status-publish","hentry"],"yoast_head":"<!-- This site is optimized with the Yoast SEO plugin v27.4 - https:\/\/yoast.com\/product\/yoast-seo-wordpress\/ -->\n<title>ON China - ONGROUP<\/title>\n<meta name=\"robots\" content=\"index, follow, max-snippet:-1, max-image-preview:large, max-video-preview:-1\" \/>\n<link rel=\"canonical\" href=\"https:\/\/ongroup.net\/fr\/on-china\/\" \/>\n<meta property=\"og:locale\" content=\"fr_FR\" \/>\n<meta property=\"og:type\" content=\"article\" \/>\n<meta property=\"og:title\" content=\"ON China - ONGROUP\" \/>\n<meta property=\"og:url\" content=\"https:\/\/ongroup.net\/fr\/on-china\/\" \/>\n<meta property=\"og:site_name\" content=\"ONGROUP\" \/>\n<meta property=\"article:modified_time\" content=\"2024-09-06T07:20:15+00:00\" \/>\n<meta name=\"twitter:card\" content=\"summary_large_image\" \/>\n<meta name=\"twitter:label1\" content=\"Dur\u00e9e de lecture estim\u00e9e\" \/>\n\t<meta name=\"twitter:data1\" content=\"7 minutes\" \/>\n<script type=\"application\/ld+json\" class=\"yoast-schema-graph\">{\"@context\":\"https:\\\/\\\/schema.org\",\"@graph\":[{\"@type\":\"WebPage\",\"@id\":\"https:\\\/\\\/ongroup.net\\\/on-china\\\/\",\"url\":\"https:\\\/\\\/ongroup.net\\\/on-china\\\/\",\"name\":\"ON China - ONGROUP\",\"isPartOf\":{\"@id\":\"https:\\\/\\\/ongroup.net\\\/#website\"},\"datePublished\":\"2024-06-12T15:05:29+00:00\",\"dateModified\":\"2024-09-06T07:20:15+00:00\",\"breadcrumb\":{\"@id\":\"https:\\\/\\\/ongroup.net\\\/on-china\\\/#breadcrumb\"},\"inLanguage\":\"fr-FR\",\"potentialAction\":[{\"@type\":\"ReadAction\",\"target\":[\"https:\\\/\\\/ongroup.net\\\/on-china\\\/\"]}]},{\"@type\":\"BreadcrumbList\",\"@id\":\"https:\\\/\\\/ongroup.net\\\/on-china\\\/#breadcrumb\",\"itemListElement\":[{\"@type\":\"ListItem\",\"position\":1,\"name\":\"Home\",\"item\":\"https:\\\/\\\/ongroup.net\\\/home\\\/\"},{\"@type\":\"ListItem\",\"position\":2,\"name\":\"ON China\"}]},{\"@type\":\"WebSite\",\"@id\":\"https:\\\/\\\/ongroup.net\\\/#website\",\"url\":\"https:\\\/\\\/ongroup.net\\\/\",\"name\":\"ONGROUP\",\"description\":\"Molds, industrialization and production\",\"potentialAction\":[{\"@type\":\"SearchAction\",\"target\":{\"@type\":\"EntryPoint\",\"urlTemplate\":\"https:\\\/\\\/ongroup.net\\\/?s={search_term_string}\"},\"query-input\":{\"@type\":\"PropertyValueSpecification\",\"valueRequired\":true,\"valueName\":\"search_term_string\"}}],\"inLanguage\":\"fr-FR\"}]}<\/script>\n<!-- \/ Yoast SEO plugin. -->","yoast_head_json":{"title":"ON China - ONGROUP","robots":{"index":"index","follow":"follow","max-snippet":"max-snippet:-1","max-image-preview":"max-image-preview:large","max-video-preview":"max-video-preview:-1"},"canonical":"https:\/\/ongroup.net\/fr\/on-china\/","og_locale":"fr_FR","og_type":"article","og_title":"ON China - ONGROUP","og_url":"https:\/\/ongroup.net\/fr\/on-china\/","og_site_name":"ONGROUP","article_modified_time":"2024-09-06T07:20:15+00:00","twitter_card":"summary_large_image","twitter_misc":{"Dur\u00e9e de lecture estim\u00e9e":"7 minutes"},"schema":{"@context":"https:\/\/schema.org","@graph":[{"@type":"WebPage","@id":"https:\/\/ongroup.net\/on-china\/","url":"https:\/\/ongroup.net\/on-china\/","name":"ON China - ONGROUP","isPartOf":{"@id":"https:\/\/ongroup.net\/#website"},"datePublished":"2024-06-12T15:05:29+00:00","dateModified":"2024-09-06T07:20:15+00:00","breadcrumb":{"@id":"https:\/\/ongroup.net\/on-china\/#breadcrumb"},"inLanguage":"fr-FR","potentialAction":[{"@type":"ReadAction","target":["https:\/\/ongroup.net\/on-china\/"]}]},{"@type":"BreadcrumbList","@id":"https:\/\/ongroup.net\/on-china\/#breadcrumb","itemListElement":[{"@type":"ListItem","position":1,"name":"Home","item":"https:\/\/ongroup.net\/home\/"},{"@type":"ListItem","position":2,"name":"ON China"}]},{"@type":"WebSite","@id":"https:\/\/ongroup.net\/#website","url":"https:\/\/ongroup.net\/","name":"ONGROUP","description":"Molds, industrialization and production","potentialAction":[{"@type":"SearchAction","target":{"@type":"EntryPoint","urlTemplate":"https:\/\/ongroup.net\/?s={search_term_string}"},"query-input":{"@type":"PropertyValueSpecification","valueRequired":true,"valueName":"search_term_string"}}],"inLanguage":"fr-FR"}]}},"_links":{"self":[{"href":"https:\/\/ongroup.net\/fr\/wp-json\/wp\/v2\/pages\/1817","targetHints":{"allow":["GET"]}}],"collection":[{"href":"https:\/\/ongroup.net\/fr\/wp-json\/wp\/v2\/pages"}],"about":[{"href":"https:\/\/ongroup.net\/fr\/wp-json\/wp\/v2\/types\/page"}],"author":[{"embeddable":true,"href":"https:\/\/ongroup.net\/fr\/wp-json\/wp\/v2\/users\/4"}],"replies":[{"embeddable":true,"href":"https:\/\/ongroup.net\/fr\/wp-json\/wp\/v2\/comments?post=1817"}],"version-history":[{"count":10,"href":"https:\/\/ongroup.net\/fr\/wp-json\/wp\/v2\/pages\/1817\/revisions"}],"predecessor-version":[{"id":1949,"href":"https:\/\/ongroup.net\/fr\/wp-json\/wp\/v2\/pages\/1817\/revisions\/1949"}],"wp:attachment":[{"href":"https:\/\/ongroup.net\/fr\/wp-json\/wp\/v2\/media?parent=1817"}],"curies":[{"name":"wp","href":"https:\/\/api.w.org\/{rel}","templated":true}]}}